{"id":903,"date":"2018-11-16T16:40:20","date_gmt":"2018-11-16T16:40:20","guid":{"rendered":"http:\/\/tridermis.hu\/?page_id=903"},"modified":"2018-11-16T16:40:20","modified_gmt":"2018-11-16T16:40:20","slug":"scarlet-mikrotus-radiofrekvencias-arcfiatalitas","status":"publish","type":"page","link":"https:\/\/tridermis.hu\/index.php\/scarlet-mikrotus-radiofrekvencias-arcfiatalitas\/","title":{"rendered":"ScarLet Mikrot\u0171s r\u00e1di\u00f3frekvenci\u00e1s arcfiatal\u00edt\u00e1s"},"content":{"rendered":"<div>\n<p>A<strong> ScarLET<\/strong>\u00a0\/ \u00a0<strong>R\u00e1di\u00f3frekvenci\u00e1s mikrot\u0171s kezel\u00e9s<\/strong>\u00a0egy olyan \u00faj b\u0151rfiatal\u00edt\u00f3\u00a0eszt\u00e9tikai kezel\u00e9s, amely <strong>lehet\u0151v\u00e9 teszi az arckont\u00faroz\u00e1st b\u0151rfeszes\u00edt\u00e9ssel egy\u00fctt.<\/strong><\/p>\n<p>A ScarLET\u00a0k\u00e9tf\u00e9le hat\u00e9kony technol\u00f3gi\u00e1t \u00f6tv\u00f6z. A g\u00e9p a mikrot\u0171s kezel\u00e9sekhez hasonl\u00f3an apr\u00f3 t\u0171sz\u00far\u00e1sokat ejt a b\u0151r\u00f6n, amely sz\u00far\u00e1sok a mezoter\u00e1pi\u00e1hoz hasonl\u00f3an kollag\u00e9n indukci\u00f3t ind\u00edtanak el. A t\u0171k pici elektr\u00f3dak\u00e9nt is funkcion\u00e1lnak \u00e9s a b\u0151rben k\u00fcl\u00f6nlegesen m\u00e9lyre vezetik a r\u00e1di\u00f3frekvenci\u00e1t, azonnali \u00e9s hossz\u00fa t\u00e1v\u00fa eredm\u00e9nyt biztos\u00edtva. <strong>Egyes\u00edti a frakcion\u00e1lt l\u00e9zer, az IPL, illetve a hagyom\u00e1nyos r\u00e1di\u00f3frekvenci\u00e1s elj\u00e1r\u00e1sok el\u0151nyeit, ezen t\u00falmen\u0151en volumen p\u00f3tl\u00f3 (lifting) \u00e9s b\u0151rfeszes\u00edt\u0151 hat\u00e1st is kifejt.<\/strong><\/p>\n<p>Az elj\u00e1r\u00e1s speci\u00e1lis a maga nem\u00e9ben, mert a b\u0151r m\u00e9ly\u00e9n fejti ki maxim\u00e1lis hat\u00e1s\u00e1t \u00fagy, hogy a b\u0151r legfels\u0151, l\u00e1that\u00f3 r\u00e9teg\u00e9nek \u00e9ps\u00e9g\u00e9re ek\u00f6zben minim\u00e1lis hat\u00e1ssal b\u00edr. A v\u00e1ltoz\u00e1st bel\u00fclr\u0151l, alulr\u00f3l \u00e9ri el, mell\u00e9khat\u00e1sok n\u00e9lk\u00fcl, <strong>r\u00f6vid fel\u00e9p\u00fcl\u00e9si id\u0151vel.<\/strong><\/p>\n<p>Kiv\u00e1l\u00f3an kezeli a megereszkedett\u00a0b\u0151r t\u00fcneteit, a t\u00e1g p\u00f3rusokat, a hegeket, pigmentfoltokat, stri\u00e1kat. Nincs mell\u00e9khat\u00e1s, azonnali \u00e9s hosszan tart\u00f3 hat\u00e1st biztos\u00edt. Kiv\u00e1l\u00f3an kont\u00farozza az arcot, \u00e1llvonalat, jav\u00edtja a laza szemh\u00e9jat, de a test m\u00e1s r\u00e9szein is alkalmazhat\u00f3, mint a has, felkar, vagy combok.<\/p>\n<\/div>\n<p>A beavatkoz\u00e1s el\u0151tti konzult\u00e1ci\u00f3 rendel\u0151nkben t\u00f6rt\u00e9nik.<\/p>\n<p>A beavatkoz\u00e1st Dr. G\u00f3dor Ferenc Bal\u00e1zs v\u00e9gi Dunakeszin, a Dr. G\u00f3dor Eg\u00e9szs\u00e9g\u00fcgyi \u00e9s Sz\u00e9p\u00e9szeti K\u00f6zpontban.<\/p>\n<div>\n<p>&nbsp;<\/p>\n<\/div>\n<hr \/>\n<div>\n<h2 id=\"alkategoria-prp-drakula-terapia\"><\/h2>\n<\/div>\n","protected":false},"excerpt":{"rendered":"<p>A ScarLET\u00a0\/ \u00a0R\u00e1di\u00f3frekvenci\u00e1s mikrot\u0171s kezel\u00e9s\u00a0egy olyan \u00faj b\u0151rfiatal\u00edt\u00f3\u00a0eszt\u00e9tikai kezel\u00e9s, amely lehet\u0151v\u00e9 teszi az arckont\u00faroz\u00e1st b\u0151rfeszes\u00edt\u00e9ssel egy\u00fctt. A ScarLET\u00a0k\u00e9tf\u00e9le hat\u00e9kony technol\u00f3gi\u00e1t \u00f6tv\u00f6z. A g\u00e9p a mikrot\u0171s kezel\u00e9sekhez hasonl\u00f3an apr\u00f3 t\u0171sz\u00far\u00e1sokat ejt a b\u0151r\u00f6n, amely sz\u00far\u00e1sok a mezoter\u00e1pi\u00e1hoz hasonl\u00f3an kollag\u00e9n indukci\u00f3t ind\u00edtanak el. A t\u0171k pici elektr\u00f3dak\u00e9nt is funkcion\u00e1lnak \u00e9s a b\u0151rben k\u00fcl\u00f6nlegesen m\u00e9lyre vezetik a r\u00e1di\u00f3frekvenci\u00e1t, [&hellip;]<\/p>\n","protected":false},"author":1,"featured_media":0,"parent":0,"menu_order":0,"comment_status":"closed","ping_status":"closed","template":"","meta":{"footnotes":""},"class_list":["post-903","page","type-page","status-publish","czr-hentry"],"aioseo_notices":[],"_links":{"self":[{"href":"https:\/\/tridermis.hu\/index.php\/wp-json\/wp\/v2\/pages\/903","targetHints":{"allow":["GET"]}}],"collection":[{"href":"https:\/\/tridermis.hu\/index.php\/wp-json\/wp\/v2\/pages"}],"about":[{"href":"https:\/\/tridermis.hu\/index.php\/wp-json\/wp\/v2\/types\/page"}],"author":[{"embeddable":true,"href":"https:\/\/tridermis.hu\/index.php\/wp-json\/wp\/v2\/users\/1"}],"replies":[{"embeddable":true,"href":"https:\/\/tridermis.hu\/index.php\/wp-json\/wp\/v2\/comments?post=903"}],"version-history":[{"count":1,"href":"https:\/\/tridermis.hu\/index.php\/wp-json\/wp\/v2\/pages\/903\/revisions"}],"predecessor-version":[{"id":904,"href":"https:\/\/tridermis.hu\/index.php\/wp-json\/wp\/v2\/pages\/903\/revisions\/904"}],"wp:attachment":[{"href":"https:\/\/tridermis.hu\/index.php\/wp-json\/wp\/v2\/media?parent=903"}],"curies":[{"name":"wp","href":"https:\/\/api.w.org\/{rel}","templated":true}]}}