{"id":886,"date":"2018-01-18T10:20:06","date_gmt":"2018-01-18T10:20:06","guid":{"rendered":"http:\/\/tridermis.hu\/?page_id=886"},"modified":"2018-01-19T08:45:43","modified_gmt":"2018-01-19T08:45:43","slug":"arci-ertagulat-eranyajegy-lezeres-kezelese","status":"publish","type":"page","link":"https:\/\/tridermis.hu\/index.php\/arci-ertagulat-eranyajegy-lezeres-kezelese\/","title":{"rendered":"Arci \u00e9rt\u00e1gulat, \u00e9ranyajegy l\u00e9zeres kezel\u00e9se"},"content":{"rendered":"<p style=\"text-align: justify;\">A sepr\u0171v\u00e9n\u00e1k, apr\u00f3 \u00e9rt\u00e1gulatok kialakul\u00e1s\u00e1nak oka, hogy az \u00e9rfal kit\u00e1gul, ez\u00e1ltal kism\u00e9ret\u0171, de eszt\u00e9tikailag zavar\u00f3 hat\u00e1s\u00fa \u201evissz\u00e9r\u201d k\u00e9pz\u0151dik.<\/p>\n<p style=\"text-align: justify;\">Mivel a b\u0151r felsz\u00edn\u00e9n, az arcon, orron \u00e9s a v\u00e9gtagokon jelentkezik az elv\u00e1ltoz\u00e1s, ez\u00e9rt sz\u00e9p\u00e9szeti szempontb\u00f3l fontos a probl\u00e9ma megfelel\u0151 kezel\u00e9se.<\/p>\n<p style=\"text-align: justify;\">A\u00a0 legkorszer\u0171bb Variolite-l\u00e9zert alkalmazva v\u00e9gezz\u00fck a t\u00f6k\u00e9letes eszt\u00e9tikai eredm\u00e9nyt ny\u00fajt\u00f3 gyors \u00e9s minim\u00e1lis kellemetlens\u00e9ggel j\u00e1r\u00f3 beavatkoz\u00e1st (sz\u00fcks\u00e9g eset\u00e9n helyi \u00e9rz\u00e9stelen\u00edt\u00e9ssel).\u00a0 A beavatkoz\u00e1s sor\u00e1n tapasztalhat\u00f3 enyhe f\u00e1jdalmat h\u0171t\u00e9ssel cs\u00f6kkentj\u00fck. A kezel\u00e9st k\u00f6zvetlen\u00fcl megel\u0151z\u0151 \u00e9s az azt k\u00f6vet\u0151 id\u0151szakra\u00a0 szem\u00e9lyre szabott tan\u00e1csad\u00e1st biztos\u00edtunk a t\u00f6k\u00e9letes eredm\u00e9ny el\u00e9r\u00e9se \u00e9rdek\u00e9ben.<\/p>\n<p style=\"text-align: justify;\">A probl\u00e9ma v\u00e9gleges megold\u00e1s\u00e1hoz \u00e1ltal\u00e1ban 1-2 kezel\u00e9sre van sz\u00fcks\u00e9g.<\/p>\n<div class=\"yj6qo\" style=\"text-align: justify;\"><\/div>\n","protected":false},"excerpt":{"rendered":"<p>A sepr\u0171v\u00e9n\u00e1k, apr\u00f3 \u00e9rt\u00e1gulatok kialakul\u00e1s\u00e1nak oka, hogy az \u00e9rfal kit\u00e1gul, ez\u00e1ltal kism\u00e9ret\u0171, de eszt\u00e9tikailag zavar\u00f3 hat\u00e1s\u00fa \u201evissz\u00e9r\u201d k\u00e9pz\u0151dik. Mivel a b\u0151r felsz\u00edn\u00e9n, az arcon, orron \u00e9s a v\u00e9gtagokon jelentkezik az elv\u00e1ltoz\u00e1s, ez\u00e9rt sz\u00e9p\u00e9szeti szempontb\u00f3l fontos a probl\u00e9ma megfelel\u0151 kezel\u00e9se. A\u00a0 legkorszer\u0171bb Variolite-l\u00e9zert alkalmazva v\u00e9gezz\u00fck a t\u00f6k\u00e9letes eszt\u00e9tikai eredm\u00e9nyt ny\u00fajt\u00f3 gyors \u00e9s minim\u00e1lis kellemetlens\u00e9ggel j\u00e1r\u00f3 beavatkoz\u00e1st [&hellip;]<\/p>\n","protected":false},"author":1,"featured_media":0,"parent":0,"menu_order":0,"comment_status":"closed","ping_status":"closed","template":"","meta":{"footnotes":""},"class_list":["post-886","page","type-page","status-publish","czr-hentry"],"aioseo_notices":[],"_links":{"self":[{"href":"https:\/\/tridermis.hu\/index.php\/wp-json\/wp\/v2\/pages\/886","targetHints":{"allow":["GET"]}}],"collection":[{"href":"https:\/\/tridermis.hu\/index.php\/wp-json\/wp\/v2\/pages"}],"about":[{"href":"https:\/\/tridermis.hu\/index.php\/wp-json\/wp\/v2\/types\/page"}],"author":[{"embeddable":true,"href":"https:\/\/tridermis.hu\/index.php\/wp-json\/wp\/v2\/users\/1"}],"replies":[{"embeddable":true,"href":"https:\/\/tridermis.hu\/index.php\/wp-json\/wp\/v2\/comments?post=886"}],"version-history":[{"count":3,"href":"https:\/\/tridermis.hu\/index.php\/wp-json\/wp\/v2\/pages\/886\/revisions"}],"predecessor-version":[{"id":890,"href":"https:\/\/tridermis.hu\/index.php\/wp-json\/wp\/v2\/pages\/886\/revisions\/890"}],"wp:attachment":[{"href":"https:\/\/tridermis.hu\/index.php\/wp-json\/wp\/v2\/media?parent=886"}],"curies":[{"name":"wp","href":"https:\/\/api.w.org\/{rel}","templated":true}]}}