{"id":85,"date":"2016-04-26T09:24:44","date_gmt":"2016-04-26T09:24:44","guid":{"rendered":"http:\/\/tridermis.hu\/wordpress\/?page_id=85"},"modified":"2026-01-05T08:27:24","modified_gmt":"2026-01-05T08:27:24","slug":"kapcsolat","status":"publish","type":"page","link":"https:\/\/tridermis.hu\/index.php\/kapcsolat\/","title":{"rendered":"Bejelentkez\u00e9s"},"content":{"rendered":"<p style=\"text-align: center;\"><strong style=\"font-size: inherit;\">Bejelentkez\u00e9s:<\/strong><\/p>\n<ul>\n<li><strong>H\u00e9tf\u0151: &nbsp; &nbsp; &nbsp; &nbsp;9.00-17.00<\/strong><\/li>\n<li><strong>Kedd: &nbsp; &nbsp; &nbsp; &nbsp; 9.00-17.00<\/strong><\/li>\n<li><strong>Szerda: &nbsp; &nbsp; &nbsp;9.00-17.00<\/strong><\/li>\n<li><strong>Cs\u00fct\u00f6rt\u00f6k: 9.00-17.00<\/strong><\/li>\n<li><strong>P\u00e9ntek: &nbsp; &nbsp; &nbsp;9.00-14.00 k\u00f6z\u00f6tt a 06<\/strong><strong>&nbsp;30 998 0184 telefonsz\u00e1mon<\/strong><\/li>\n<\/ul>\n<p><strong>C\u00edm:<\/strong> 1141 Budapest, Szugl\u00f3 u. 125\/D. B.\u00e9p.I\/9.<br \/>\nKaputelefon: 144<\/p>\n<p><strong>K\u00e9rd\u00e9sek, \u00e9szrev\u00e9telek:<\/strong> <a href=\"mailto:info@tridermis.hu\">info@tridermis.hu<\/a><\/p>\n<p class=\"p1\"><strong>Aut\u00f3val<\/strong> \u00e9rkez\u0151 p\u00e1cienseinknek a rendel\u0151 el\u0151tt, illetve a k\u00f6rny\u00e9ken ingyenes a parkol\u00e1s.<\/p>\n<p><strong>Megk\u00f6zel\u00edthet\u0151s\u00e9g BKV-val:<\/strong><\/p>\n<ul>\n<li>\u00d6rs Vez\u00e9r t\u00e9rr\u0151l 82-es trolibusz Kom\u00f3csy utcai meg\u00e1ll\u00f3ja<\/li>\n<li>N\u00e9pstadiont\u00f3l 77-es trolibusz Kom\u00f3csy utcai meg\u00e1ll\u00f3ja<\/li>\n<li>Blaha Lujza t\u00e9rr\u0151l 7-es aut\u00f3busz R\u00e1kospatak utcai meg\u00e1ll\u00f3ja<\/li>\n<li>P\u00f3lus Centert\u0151l 7-es aut\u00f3busz R\u00e1kospatak utcai meg\u00e1ll\u00f3ja<\/li>\n<\/ul>\n<p><strong>T\u00e9rk\u00e9p:<\/strong><br \/>\n<div id=\"wpgmza_map\" class=\"wpgmza_map\" data-settings='{\"id\":\"1\",\"map_title\":\"T\\u00e9rk\\u00e9p\",\"map_width\":\"100\",\"map_height\":\"400\",\"map_start_lat\":\"47.523126\",\"map_start_lng\":\"19.123335\",\"map_start_location\":\"47.5231265,19.123335300000008\",\"map_start_zoom\":\"17\",\"default_marker\":\"0\",\"type\":\"1\",\"alignment\":\"1\",\"directions_enabled\":\"1\",\"styling_enabled\":\"0\",\"styling_json\":\"\",\"active\":\"0\",\"kml\":\"\",\"bicycle\":\"2\",\"traffic\":\"2\",\"dbox\":\"1\",\"dbox_width\":\"250\",\"listmarkers\":\"0\",\"listmarkers_advanced\":\"0\",\"filterbycat\":\"0\",\"ugm_enabled\":\"0\",\"ugm_category_enabled\":\"0\",\"fusion\":\"\",\"map_width_type\":\"\\\\%\",\"map_height_type\":\"px\",\"mass_marker_support\":\"1\",\"ugm_access\":\"0\",\"order_markers_by\":\"1\",\"order_markers_choice\":\"2\",\"show_user_location\":\"0\",\"default_to\":\"\",\"other_settings\":{\"store_locator_enabled\":2,\"store_locator_distance\":2,\"store_locator_bounce\":1,\"store_locator_query_string\":\"ZIP \\\/ Address:\",\"wpgmza_store_locator_restrict\":\"\",\"map_max_zoom\":\"1\",\"transport_layer\":2,\"wpgmza_theme_data\":\"\"}}' data-map-id='1' Data-maps-engine='' data-shortcode-attributes='{\"id\":\"1\"}' style=\"display:block; overflow:auto; width:100%; height:400px; float:left;\"><\/div><\/p>\n","protected":false},"excerpt":{"rendered":"<p>Bejelentkez\u00e9s: H\u00e9tf\u0151: &nbsp; &nbsp; &nbsp; &nbsp;9.00-17.00 Kedd: &nbsp; &nbsp; &nbsp; &nbsp; 9.00-17.00 Szerda: &nbsp; &nbsp; &nbsp;9.00-17.00 Cs\u00fct\u00f6rt\u00f6k: 9.00-17.00 P\u00e9ntek: &nbsp; &nbsp; &nbsp;9.00-14.00 k\u00f6z\u00f6tt a 06&nbsp;30 998 0184 telefonsz\u00e1mon C\u00edm: 1141 Budapest, Szugl\u00f3 u. 125\/D. B.\u00e9p.I\/9. Kaputelefon: 144 K\u00e9rd\u00e9sek, \u00e9szrev\u00e9telek: info@tridermis.hu Aut\u00f3val \u00e9rkez\u0151 p\u00e1cienseinknek a rendel\u0151 el\u0151tt, illetve a k\u00f6rny\u00e9ken ingyenes a parkol\u00e1s. Megk\u00f6zel\u00edthet\u0151s\u00e9g BKV-val: \u00d6rs [&hellip;]<\/p>\n","protected":false},"author":1,"featured_media":0,"parent":0,"menu_order":0,"comment_status":"closed","ping_status":"closed","template":"","meta":{"footnotes":""},"class_list":["post-85","page","type-page","status-publish","czr-hentry"],"aioseo_notices":[],"_links":{"self":[{"href":"https:\/\/tridermis.hu\/index.php\/wp-json\/wp\/v2\/pages\/85","targetHints":{"allow":["GET"]}}],"collection":[{"href":"https:\/\/tridermis.hu\/index.php\/wp-json\/wp\/v2\/pages"}],"about":[{"href":"https:\/\/tridermis.hu\/index.php\/wp-json\/wp\/v2\/types\/page"}],"author":[{"embeddable":true,"href":"https:\/\/tridermis.hu\/index.php\/wp-json\/wp\/v2\/users\/1"}],"replies":[{"embeddable":true,"href":"https:\/\/tridermis.hu\/index.php\/wp-json\/wp\/v2\/comments?post=85"}],"version-history":[{"count":26,"href":"https:\/\/tridermis.hu\/index.php\/wp-json\/wp\/v2\/pages\/85\/revisions"}],"predecessor-version":[{"id":1170,"href":"https:\/\/tridermis.hu\/index.php\/wp-json\/wp\/v2\/pages\/85\/revisions\/1170"}],"wp:attachment":[{"href":"https:\/\/tridermis.hu\/index.php\/wp-json\/wp\/v2\/media?parent=85"}],"curies":[{"name":"wp","href":"https:\/\/api.w.org\/{rel}","templated":true}]}}