{"id":79,"date":"2016-04-26T09:23:41","date_gmt":"2016-04-26T09:23:41","guid":{"rendered":"http:\/\/tridermis.hu\/wordpress\/?page_id=79"},"modified":"2025-09-22T08:03:33","modified_gmt":"2025-09-22T08:03:33","slug":"orvosaink","status":"publish","type":"page","link":"https:\/\/tridermis.hu\/index.php\/orvosaink\/","title":{"rendered":"Orvosaink"},"content":{"rendered":"<h2>Dr. G\u00f3dor Ferenc Bal\u00e1zs B\u0151rgy\u00f3gy\u00e1sz,seb\u00e9sz f\u0151orvos<\/h2>\n<p><img loading=\"lazy\" decoding=\"async\" class=\"alignleft size-full wp-image-210\" src=\"https:\/\/tridermis.hu\/wp-content\/uploads\/2016\/04\/1-1-e1556183303225.jpg\" alt=\"1\" width=\"130\" height=\"191\" \/><\/p>\n<p><strong>Diplom\u00e1j\u00e1t 2004-ben szerezte a Semmelweis Orvostudom\u00e1nyi Egyetemen.<\/strong><\/p>\n<p data-start=\"65\" data-end=\"321\">Szakmai elk\u00f6telezetts\u00e9g\u00e9t \u00e9s folyamatos \u00f6nk\u00e9pz\u00e9si ig\u00e9ny\u00e9t j\u00f3l mutatja, hogy a hazai lehet\u0151s\u00e9geken t\u00fal nemzetk\u00f6zi tov\u00e1bbk\u00e9pz\u00e9seken is r\u00e9szt vett, t\u00f6bbek k\u00f6z\u00f6tt New York \u00e1llamban, valamint N\u00e9metorsz\u00e1gban, a heidelbergi Ruprecht\u2013Karls Egyetem kurzusain.<\/p>\n<p data-start=\"323\" data-end=\"531\">Kiemelt szakter\u00fcletei k\u00f6z\u00e9 tartozik a b\u0151rseb\u00e9szet \u2013 k\u00fcl\u00f6n\u00f6s tekintettel az anyajegyek seb\u00e9szeti \u00e9s l\u00e9zeres elt\u00e1vol\u00edt\u00e1s\u00e1ra \u2013, valamint az eszt\u00e9tikai arcelemz\u00e9s \u00e9s az eszt\u00e9tikai beavatkoz\u00e1sok sz\u00e9les k\u00f6re.<\/p>\n<h2><\/h2>\n<h2><\/h2>\n","protected":false},"excerpt":{"rendered":"<p>Dr. G\u00f3dor Ferenc Bal\u00e1zs B\u0151rgy\u00f3gy\u00e1sz,seb\u00e9sz f\u0151orvos Diplom\u00e1j\u00e1t 2004-ben szerezte a Semmelweis Orvostudom\u00e1nyi Egyetemen. Szakmai elk\u00f6telezetts\u00e9g\u00e9t \u00e9s folyamatos \u00f6nk\u00e9pz\u00e9si ig\u00e9ny\u00e9t j\u00f3l mutatja, hogy a hazai lehet\u0151s\u00e9geken t\u00fal nemzetk\u00f6zi tov\u00e1bbk\u00e9pz\u00e9seken is r\u00e9szt vett, t\u00f6bbek k\u00f6z\u00f6tt New York \u00e1llamban, valamint N\u00e9metorsz\u00e1gban, a heidelbergi Ruprecht\u2013Karls Egyetem kurzusain. Kiemelt szakter\u00fcletei k\u00f6z\u00e9 tartozik a b\u0151rseb\u00e9szet \u2013 k\u00fcl\u00f6n\u00f6s tekintettel az anyajegyek seb\u00e9szeti [&hellip;]<\/p>\n","protected":false},"author":1,"featured_media":0,"parent":0,"menu_order":0,"comment_status":"closed","ping_status":"closed","template":"","meta":{"footnotes":""},"class_list":["post-79","page","type-page","status-publish","czr-hentry"],"aioseo_notices":[],"_links":{"self":[{"href":"https:\/\/tridermis.hu\/index.php\/wp-json\/wp\/v2\/pages\/79","targetHints":{"allow":["GET"]}}],"collection":[{"href":"https:\/\/tridermis.hu\/index.php\/wp-json\/wp\/v2\/pages"}],"about":[{"href":"https:\/\/tridermis.hu\/index.php\/wp-json\/wp\/v2\/types\/page"}],"author":[{"embeddable":true,"href":"https:\/\/tridermis.hu\/index.php\/wp-json\/wp\/v2\/users\/1"}],"replies":[{"embeddable":true,"href":"https:\/\/tridermis.hu\/index.php\/wp-json\/wp\/v2\/comments?post=79"}],"version-history":[{"count":40,"href":"https:\/\/tridermis.hu\/index.php\/wp-json\/wp\/v2\/pages\/79\/revisions"}],"predecessor-version":[{"id":1156,"href":"https:\/\/tridermis.hu\/index.php\/wp-json\/wp\/v2\/pages\/79\/revisions\/1156"}],"wp:attachment":[{"href":"https:\/\/tridermis.hu\/index.php\/wp-json\/wp\/v2\/media?parent=79"}],"curies":[{"name":"wp","href":"https:\/\/api.w.org\/{rel}","templated":true}]}}