{"id":60,"date":"2016-04-26T09:14:58","date_gmt":"2016-04-26T09:14:58","guid":{"rendered":"http:\/\/tridermis.hu\/wordpress\/?page_id=60"},"modified":"2025-06-04T18:46:17","modified_gmt":"2025-06-04T18:46:17","slug":"bioszalak-finomszalas-arcfiatalitas-ftc-therapy","status":"publish","type":"page","link":"https:\/\/tridermis.hu\/index.php\/bioszalak-finomszalas-arcfiatalitas-ftc-therapy\/","title":{"rendered":"Biosz\u00e1lak &#8211; Finomsz\u00e1las arcfiatal\u00edt\u00e1s (FTC Therapy)"},"content":{"rendered":"<p style=\"text-align: justify;\">Biosz\u00e1las arckont\u00faroz\u00e1s, az \u00faj fiatal\u00edt\u00f3 elj\u00e1r\u00e1s, m\u00e1sn\u00e9ven Fine Thread Contouring (FTC) kezel\u00e9s Zugl\u00f3ban.<\/p>\n<p style=\"text-align: justify;\">A Finomsz\u00e1las Arcfiatal\u00edt\u00e1st minim\u00e1l invaz\u00edv, \u00fagynevezett &#8222;Eb\u00e9did\u0151s beavatkoz\u00e1snak &#8221; is nevezik.<\/p>\n<p style=\"text-align: justify;\">A kezel\u00e9st helyi \u00e9rz\u00e9stelen\u00edt\u00e9sben v\u00e9gzik, a beavatkoz\u00e1s id\u0151tartama, kevesebb, mint 60 perc. Az elj\u00e1r\u00e1s egyszer\u0171, kev\u00e9s f\u00e1jdalommal j\u00e1r, a gy\u00f3gyul\u00e1si id\u0151 nagyon r\u00f6vid.<\/p>\n<p style=\"text-align: justify;\">A FTC kezel\u00e9s a leg\u00fajabb \u00e9s legjobb elj\u00e1r\u00e1s a megereszkedett b\u0151r helyre\u00e1ll\u00edt\u00e1s\u00e1ra.<\/p>\n<div align=\"center\"><\/div>\n","protected":false},"excerpt":{"rendered":"<p>Biosz\u00e1las arckont\u00faroz\u00e1s, az \u00faj fiatal\u00edt\u00f3 elj\u00e1r\u00e1s, m\u00e1sn\u00e9ven Fine Thread Contouring (FTC) kezel\u00e9s Zugl\u00f3ban. A Finomsz\u00e1las Arcfiatal\u00edt\u00e1st minim\u00e1l invaz\u00edv, \u00fagynevezett &#8222;Eb\u00e9did\u0151s beavatkoz\u00e1snak &#8221; is nevezik. A kezel\u00e9st helyi \u00e9rz\u00e9stelen\u00edt\u00e9sben v\u00e9gzik, a beavatkoz\u00e1s id\u0151tartama, kevesebb, mint 60 perc. Az elj\u00e1r\u00e1s egyszer\u0171, kev\u00e9s f\u00e1jdalommal j\u00e1r, a gy\u00f3gyul\u00e1si id\u0151 nagyon r\u00f6vid. A FTC kezel\u00e9s a leg\u00fajabb \u00e9s legjobb elj\u00e1r\u00e1s [&hellip;]<\/p>\n","protected":false},"author":1,"featured_media":0,"parent":0,"menu_order":0,"comment_status":"closed","ping_status":"closed","template":"","meta":{"footnotes":""},"class_list":["post-60","page","type-page","status-publish","czr-hentry"],"aioseo_notices":[],"_links":{"self":[{"href":"https:\/\/tridermis.hu\/index.php\/wp-json\/wp\/v2\/pages\/60","targetHints":{"allow":["GET"]}}],"collection":[{"href":"https:\/\/tridermis.hu\/index.php\/wp-json\/wp\/v2\/pages"}],"about":[{"href":"https:\/\/tridermis.hu\/index.php\/wp-json\/wp\/v2\/types\/page"}],"author":[{"embeddable":true,"href":"https:\/\/tridermis.hu\/index.php\/wp-json\/wp\/v2\/users\/1"}],"replies":[{"embeddable":true,"href":"https:\/\/tridermis.hu\/index.php\/wp-json\/wp\/v2\/comments?post=60"}],"version-history":[{"count":30,"href":"https:\/\/tridermis.hu\/index.php\/wp-json\/wp\/v2\/pages\/60\/revisions"}],"predecessor-version":[{"id":1147,"href":"https:\/\/tridermis.hu\/index.php\/wp-json\/wp\/v2\/pages\/60\/revisions\/1147"}],"wp:attachment":[{"href":"https:\/\/tridermis.hu\/index.php\/wp-json\/wp\/v2\/media?parent=60"}],"curies":[{"name":"wp","href":"https:\/\/api.w.org\/{rel}","templated":true}]}}