{"id":58,"date":"2016-04-26T09:14:42","date_gmt":"2016-04-26T09:14:42","guid":{"rendered":"http:\/\/tridermis.hu\/wordpress\/?page_id=58"},"modified":"2017-03-31T11:28:57","modified_gmt":"2017-03-31T11:28:57","slug":"honalj-botox-izzadas-kezelesere","status":"publish","type":"page","link":"https:\/\/tridermis.hu\/index.php\/honalj-botox-izzadas-kezelesere\/","title":{"rendered":"H\u00f3nalj Botox izzad\u00e1s kezel\u00e9s\u00e9re"},"content":{"rendered":"<p style=\"text-align: justify;\"><img loading=\"lazy\" decoding=\"async\" class=\"alignright size-medium wp-image-331\" src=\"https:\/\/tridermis.hu\/wordpress\/wp-content\/uploads\/2016\/04\/L\u00e9zer-iStock_000015101605XXLarge-244x300.jpg\" alt=\"L\u00e9zer iStock_000015101605XXLarge\" width=\"244\" height=\"300\" srcset=\"https:\/\/tridermis.hu\/wp-content\/uploads\/2016\/04\/L\u00e9zer-iStock_000015101605XXLarge-244x300.jpg 244w, https:\/\/tridermis.hu\/wp-content\/uploads\/2016\/04\/L\u00e9zer-iStock_000015101605XXLarge-768x943.jpg 768w, https:\/\/tridermis.hu\/wp-content\/uploads\/2016\/04\/L\u00e9zer-iStock_000015101605XXLarge-834x1024.jpg 834w\" sizes=\"auto, (max-width: 244px) 100vw, 244px\" \/>Stressz hat\u00e1s\u00e1ra kellemetlen foltok jelennek meg a ruh\u00e1j\u00e1n? T\u00falzott verejt\u00e9kez\u00e9st\u0151l szenved? Kellemetlen\u00fcl \u00e9rzi mag\u00e1t a h\u00f3nalj k\u00f6r\u00fcli foltok miatt?<\/p>\n<p style=\"text-align: justify;\">Ezen probl\u00e9m\u00e1kra megold\u00e1st k\u00edn\u00e1lunk.<\/p>\n<p style=\"text-align: justify;\"><strong>Izzad\u00e1skezel\u00e9s Botox injekci\u00f3val<\/strong>: A botulinum toxin kiv\u00e1l\u00f3an alkalmazhat\u00f3 a hyperhidrosis, azaz a t\u00falzott izzad\u00e1s t\u00fcneteinek kezel\u00e9s\u00e9re is.<\/p>\n<p style=\"text-align: justify;\">A t\u00falzott izzad\u00e1s botox injekci\u00f3val k\u00f6nnyen, gyorsan \u00e9s biztons\u00e1gosan kezelhet\u0151. Az apr\u00f3 t\u0171sz\u00far\u00e1sokkal beadott botulinum azon idegi impulzusokat g\u00e1tolja, melyek a verejt\u00e9kmirigyeket stimul\u00e1lj\u00e1k, \u00e9s ezzel megakad\u00e1lyozz\u00e1k a verejt\u00e9k termel\u0151d\u00e9s\u00e9t. Ez a g\u00e1tl\u00f3 folyamat \u00e1ltal\u00e1noss\u00e1gban 9 h\u00f3napig tart, de eltarthat ak\u00e1r 12 h\u00f3napig is.<\/p>\n","protected":false},"excerpt":{"rendered":"<p>Stressz hat\u00e1s\u00e1ra kellemetlen foltok jelennek meg a ruh\u00e1j\u00e1n? T\u00falzott verejt\u00e9kez\u00e9st\u0151l szenved? Kellemetlen\u00fcl \u00e9rzi mag\u00e1t a h\u00f3nalj k\u00f6r\u00fcli foltok miatt? Ezen probl\u00e9m\u00e1kra megold\u00e1st k\u00edn\u00e1lunk. Izzad\u00e1skezel\u00e9s Botox injekci\u00f3val: A botulinum toxin kiv\u00e1l\u00f3an alkalmazhat\u00f3 a hyperhidrosis, azaz a t\u00falzott izzad\u00e1s t\u00fcneteinek kezel\u00e9s\u00e9re is. A t\u00falzott izzad\u00e1s botox injekci\u00f3val k\u00f6nnyen, gyorsan \u00e9s biztons\u00e1gosan kezelhet\u0151. Az apr\u00f3 t\u0171sz\u00far\u00e1sokkal beadott botulinum [&hellip;]<\/p>\n","protected":false},"author":1,"featured_media":0,"parent":0,"menu_order":0,"comment_status":"closed","ping_status":"closed","template":"","meta":{"footnotes":""},"class_list":["post-58","page","type-page","status-publish","czr-hentry"],"aioseo_notices":[],"_links":{"self":[{"href":"https:\/\/tridermis.hu\/index.php\/wp-json\/wp\/v2\/pages\/58","targetHints":{"allow":["GET"]}}],"collection":[{"href":"https:\/\/tridermis.hu\/index.php\/wp-json\/wp\/v2\/pages"}],"about":[{"href":"https:\/\/tridermis.hu\/index.php\/wp-json\/wp\/v2\/types\/page"}],"author":[{"embeddable":true,"href":"https:\/\/tridermis.hu\/index.php\/wp-json\/wp\/v2\/users\/1"}],"replies":[{"embeddable":true,"href":"https:\/\/tridermis.hu\/index.php\/wp-json\/wp\/v2\/comments?post=58"}],"version-history":[{"count":5,"href":"https:\/\/tridermis.hu\/index.php\/wp-json\/wp\/v2\/pages\/58\/revisions"}],"predecessor-version":[{"id":517,"href":"https:\/\/tridermis.hu\/index.php\/wp-json\/wp\/v2\/pages\/58\/revisions\/517"}],"wp:attachment":[{"href":"https:\/\/tridermis.hu\/index.php\/wp-json\/wp\/v2\/media?parent=58"}],"curies":[{"name":"wp","href":"https:\/\/api.w.org\/{rel}","templated":true}]}}