{"id":54,"date":"2016-04-26T09:13:48","date_gmt":"2016-04-26T09:13:48","guid":{"rendered":"http:\/\/tridermis.hu\/wordpress\/?page_id=54"},"modified":"2016-09-16T12:34:26","modified_gmt":"2016-09-16T12:34:26","slug":"botox-kezeles","status":"publish","type":"page","link":"https:\/\/tridermis.hu\/index.php\/botox-kezeles\/","title":{"rendered":"Botox kezel\u00e9s"},"content":{"rendered":"<p style=\"text-align: justify;\"><strong><img loading=\"lazy\" decoding=\"async\" class=\"alignright wp-image-312\" src=\"https:\/\/tridermis.hu\/wordpress\/wp-content\/uploads\/2016\/04\/Botox-iStock_000009591626Medium-min-200x300.jpg\" alt=\"Botox iStock_000009591626Medium-min\" width=\"300\" height=\"450\" srcset=\"https:\/\/tridermis.hu\/wp-content\/uploads\/2016\/04\/Botox-iStock_000009591626Medium-min-200x300.jpg 200w, https:\/\/tridermis.hu\/wp-content\/uploads\/2016\/04\/Botox-iStock_000009591626Medium-min.jpg 600w\" sizes=\"auto, (max-width: 300px) 100vw, 300px\" \/>A legt\u00f6bb embernek panaszt szokott okozni, hogy az id\u0151 el\u0151rehaladt\u00e1val az arcon zavar\u00f3 r\u00e1ncok jelennek meg<\/strong><\/p>\n<p style=\"text-align: justify;\">Ennek oka lehet k\u00e1ros\u00edt\u00f3 k\u00fcls\u0151 behat\u00e1s, mint p\u00e9ld\u00e1ul az er\u0151s napsug\u00e1rz\u00e1s, de oka lehet az emberi szervezet m\u0171k\u00f6d\u00e9s\u00e9ben be\u00e1llt v\u00e1ltoz\u00e1s is. A mimikai izmok er\u0151teljes m\u0171k\u00f6d\u00e9s\u00e9nek a legt\u00f6bb r\u00e1nc kialakul\u00e1s\u00e1ban d\u00f6nt\u0151 jelent\u0151s\u00e9ge lehet. Ezen izmok m\u0171k\u00f6d\u00e9s\u00e9nek korl\u00e1toz\u00e1s\u00e1val <strong>megakad\u00e1lyozhat\u00f3 a r\u00e1nck\u00e9pz\u0151d\u00e9s. Ezt jelenti a BOTOX kezel\u00e9s.<\/strong><\/p>\n<p style=\"text-align: justify;\">A BOTOX k\u00e9sz\u00edtm\u00e9ny olyan hat\u00e1ssal van az izomm\u0171k\u00f6d\u00e9sre, hogy \u00e1tmenetileg (kb. 3-4 h\u00f3napig) blokkolja az aktu\u00e1lisan kezelt izmok \u00f6sszeh\u00faz\u00f3d\u00e1s\u00e1t.<\/p>\n<p style=\"text-align: justify;\">Ezzel a m\u00f3dszerrel kezelhet\u0151ek a szem\u00f6ld\u00f6k k\u00f6z\u00f6tti aggodalom, illetve bossz\u00fass\u00e1g okozta \u00fan. \u201eharagos r\u00e1ncok\u201d, tov\u00e1bb\u00e1 a homlokr\u00e1ncok \u00e9s a szemsz\u00e9li szarkal\u00e1b r\u00e1ncok is az arcon. Ez ut\u00f3bbi r\u00e1nc kifejl\u0151d\u00e9s\u00e9\u00e9rt a t\u00falzott napoz\u00e1s \u00e9s a szol\u00e1riumoz\u00e1s is felel\u0151s. Tov\u00e1bbi arcter\u00fcleteken is kezelhet\u0151ek a r\u00e1nck\u00e9pz\u0151 izmok c\u00e9lzottan, p\u00e9ld\u00e1ul a homlokr\u00e1ncok, a p\u00e1ciens \u00f3haj\u00e1nak megfelel\u0151en. Ezen k\u00edv\u00fcl a haszn\u00e1lhat\u00f3 a BOTOX kezel\u00e9s a k\u00f3rosan fokozott izzad\u00e1s ellen is.<\/p>\n<p style=\"text-align: justify;\"><strong>Kezelhet\u0151 a h\u00f3nalj, a k\u00e9z, ill. a talp izzad\u00e1sa is.<\/strong> A BOTOX (Botulinum Toxin A) a C. Botulinum bakt\u00e9riumok \u00e1ltal el\u0151\u00e1ll\u00edtott biztons\u00e1gos nagy h\u00edg\u00edt\u00e1s\u00fa toxin, amelyet a szem\u00e9szek \u00e9s ideggy\u00f3gy\u00e1szok m\u00e1r r\u00e9g\u00f3ta haszn\u00e1lnak az orvosl\u00e1sban.<\/p>\n<p style=\"text-align: justify;\">A BOTOX hat\u00f3anyaga komplex, ez\u00e9rt csak 6-36 \u00f3r\u00e1val a bead\u00e1s ut\u00e1n kezd hatni, \u00e9s 10-14 nap m\u00falva \u00e9ri el a cs\u00facspontj\u00e1t. Ez az \u00e1llapot 4 h\u00e9tig megmarad, ezt k\u00f6vet\u0151en \u00e9szlelhet\u0151 a hat\u00e1s cs\u00f6kken\u00e9se. A k\u00f6vetkez\u0151 kezel\u00e9sre \u00e1ltal\u00e1ban 3-4 h\u00f3nap ut\u00e1n van sz\u00fcks\u00e9g. A kor\u00e1bbi kezel\u00e9sek k\u00f6vetkezt\u00e9ben r\u00e9szlegesen gyeng\u00fclhetnek a kezelt izmok, \u00edgy a r\u00e1nck\u00e9pz\u0151 aktivit\u00e1suk lecs\u00f6kkenhet, kitolva ezzel a BOTOX kezel\u00e9s hat\u00e1s\u00e1nak id\u0151tartam\u00e1t. Azaz a k\u00f6vetkez\u0151 kezel\u00e9sek k\u00f6z\u00f6tti id\u0151 elny\u00fajthat\u00f3, ak\u00e1r a beadott BOTOX mennyis\u00e9g is cs\u00f6kkenthet\u0151.<\/p>\n<p style=\"text-align: justify;\">A kezel\u00e9s eredm\u00e9nyess\u00e9ge t\u00f6bb t\u00e9nyez\u0151t\u0151l is f\u00fcgg. Ha p\u00e9ld\u00e1ul m\u00e1r kor\u00e1bban t\u00f6bbsz\u00f6r kapott valaki ilyen injekci\u00f3t, akkor szervezet\u00e9ben ellenanyag termel\u0151dhet, ami cs\u00f6kkentheti a hat\u00e1st. A p\u00e1ciensek 1%-a a Botulinum Toxin A t\u00edpus\u00e1ra rezisztens, azaz n\u00e1luk nem fejt ki hat\u00e1st. Ezekn\u00e9l az egy\u00e9nekn\u00e9l a B t\u00edpus\u00fa BotulinumToxin hat\u00e1sos. Sajnos a kezel\u00e9s el\u0151tt a rezisztencia nem ismert.<\/p>\n<p style=\"text-align: justify;\"><strong>A beavatkoz\u00e1s el\u0151tt<\/strong> k\u00f6z\u00f6lni kell a kezel\u0151 orvossal, ha kor\u00e1bban b\u00e1rmilyen s\u00falyosabb betegs\u00e9ge volt, ha kor\u00e1bban s\u00falyos allergi\u00e1s megbeteged\u00e9se volt, ha allergi\u00e1s albuminra, olt\u00e1sra, vagy a BOTOX k\u00e9sz\u00edtm\u00e9ny b\u00e1rmely \u00f6sszetev\u0151j\u00e9re, mert ezekben az esetekben allergi\u00e1s reakci\u00f3 l\u00e9phet fel a kezel\u00e9s ut\u00e1n. K\u00f6z\u00f6lni kell az kezel\u0151 orvossal, hogy mikor kapott utolj\u00e1ra BOTOX kezel\u00e9st.<\/p>\n<p style=\"text-align: justify;\"><strong>Ellenjavallatok<\/strong>: terhess\u00e9g, szoptat\u00e1s, akt\u00edv herpesz, gyulladt b\u0151r, l\u00e1z, torokf\u00e1j\u00e1s, v\u00e9rk\u00e9pz\u0151szervi betegs\u00e9g, v\u00e9rz\u00e9kenys\u00e9g, v\u00e9ralvad\u00e1sg\u00e1tl\u00f3 gy\u00f3gyszer szed\u00e9se, m\u00e1s eszt\u00e9tikai kezel\u00e9s a kezelt b\u0151rter\u00fcleten az elm\u00falt 2 h\u00e9tben, m\u00e1jgyullad\u00e1s, fert\u0151z\u0151 betegs\u00e9g, neuromuszkul\u00e1ris\/ideg-izom megbeteged\u00e9sben (pl. myasthenia gravis, Eaton-Lambert szindr\u00f3ma, Sclerosis multiplex, amyiotrophi\u00e1slateral sclerosis).<\/p>\n<p style=\"text-align: justify;\"><strong>A kezel\u00e9s k\u00f6vet\u0151en aj\u00e1nlott<\/strong> 6 \u00f3r\u00e1ig f\u00fcgg\u0151leges testhelyzetben kell maradni, azaz nem szabad lefek\u00fcdni, vagy lehajolni. Tilos az injekci\u00f3z\u00e1s ter\u00fclet\u00e9t massz\u00edrozni! Az \u00e9rintett izmot ugyanakkor torn\u00e1ztatni kell, teh\u00e1t az a feladat, hogy t\u00f6bbsz\u00f6r is r\u00e1ncolja a kezelt r\u00e1nckelt\u0151 izmokat. A kezel\u00e9s napj\u00e1n nem szabad napozni, szol\u00e1riumozni, \u00e9s minden olyan beavatkoz\u00e1st ker\u00fclni kell, amely a b\u0151r h\u0151m\u00e9rs\u00e9klet\u00e9t emeli.<\/p>\n<p style=\"text-align: justify;\">Az injekci\u00f3z\u00e1s ut\u00e1n term\u00e9szetes k\u00f6vetkezm\u00e9nyk\u00e9nt az injekci\u00f3z\u00e1s hely\u00e9n kisebb bev\u00e9rz\u00e9s, b\u0151rv\u00f6r\u00f6ss\u00e9g, helyi duzzanat vagy szemh\u00e9jduzzanat, zsibbad\u00e1s\u00e9rzet, \u00e1tmeneti \u00e9rz\u00e9scs\u00f6kken\u00e9s. Ritk\u00e1n el\u0151fordulhat az injekci\u00f3z\u00e1s ut\u00e1n h\u00e1nyinger, fejf\u00e1j\u00e1s, rossz k\u00f6z\u00e9rzet, de ezek spont\u00e1n elm\u00falnak n\u00e9h\u00e1ny nap alatt.<\/p>\n<p style=\"text-align: justify;\">Nagyon ritk\u00e1n jelentkezhet, hogy a k\u00e9t oldalon nem egyform\u00e1n blokkol\u00f3dik a r\u00e1ncok\u00e9rt felel\u0151s izomzat, vagy a fels\u0151 szemh\u00e9j megereszkedik, els\u0151sorban akkor, ha az eml\u00edtett utas\u00edt\u00e1sokat nem vett\u00e9k kell\u0151en figyelembe. Fontos, hogy tudja, ezek a t\u00fcnetek marad\u00e9ktalanul megsz\u0171nnek!<\/p>\n","protected":false},"excerpt":{"rendered":"<p>A legt\u00f6bb embernek panaszt szokott okozni, hogy az id\u0151 el\u0151rehaladt\u00e1val az arcon zavar\u00f3 r\u00e1ncok jelennek meg Ennek oka lehet k\u00e1ros\u00edt\u00f3 k\u00fcls\u0151 behat\u00e1s, mint p\u00e9ld\u00e1ul az er\u0151s napsug\u00e1rz\u00e1s, de oka lehet az emberi szervezet m\u0171k\u00f6d\u00e9s\u00e9ben be\u00e1llt v\u00e1ltoz\u00e1s is. A mimikai izmok er\u0151teljes m\u0171k\u00f6d\u00e9s\u00e9nek a legt\u00f6bb r\u00e1nc kialakul\u00e1s\u00e1ban d\u00f6nt\u0151 jelent\u0151s\u00e9ge lehet. Ezen izmok m\u0171k\u00f6d\u00e9s\u00e9nek korl\u00e1toz\u00e1s\u00e1val megakad\u00e1lyozhat\u00f3 a [&hellip;]<\/p>\n","protected":false},"author":1,"featured_media":0,"parent":0,"menu_order":0,"comment_status":"closed","ping_status":"closed","template":"","meta":{"footnotes":""},"class_list":["post-54","page","type-page","status-publish","czr-hentry"],"aioseo_notices":[],"_links":{"self":[{"href":"https:\/\/tridermis.hu\/index.php\/wp-json\/wp\/v2\/pages\/54","targetHints":{"allow":["GET"]}}],"collection":[{"href":"https:\/\/tridermis.hu\/index.php\/wp-json\/wp\/v2\/pages"}],"about":[{"href":"https:\/\/tridermis.hu\/index.php\/wp-json\/wp\/v2\/types\/page"}],"author":[{"embeddable":true,"href":"https:\/\/tridermis.hu\/index.php\/wp-json\/wp\/v2\/users\/1"}],"replies":[{"embeddable":true,"href":"https:\/\/tridermis.hu\/index.php\/wp-json\/wp\/v2\/comments?post=54"}],"version-history":[{"count":4,"href":"https:\/\/tridermis.hu\/index.php\/wp-json\/wp\/v2\/pages\/54\/revisions"}],"predecessor-version":[{"id":313,"href":"https:\/\/tridermis.hu\/index.php\/wp-json\/wp\/v2\/pages\/54\/revisions\/313"}],"wp:attachment":[{"href":"https:\/\/tridermis.hu\/index.php\/wp-json\/wp\/v2\/media?parent=54"}],"curies":[{"name":"wp","href":"https:\/\/api.w.org\/{rel}","templated":true}]}}