{"id":52,"date":"2016-04-26T09:13:01","date_gmt":"2016-04-26T09:13:01","guid":{"rendered":"http:\/\/tridermis.hu\/wordpress\/?page_id=52"},"modified":"2016-05-12T08:39:25","modified_gmt":"2016-05-12T08:39:25","slug":"dermaroller-kezeles","status":"publish","type":"page","link":"https:\/\/tridermis.hu\/index.php\/dermaroller-kezeles\/","title":{"rendered":"Dermaroller kezel\u00e9s"},"content":{"rendered":"<p style=\"text-align: justify;\"><strong>Sok embernek okoznak eszt\u00e9tikai probl\u00e9m\u00e1t az arcb\u0151r\u00f6n tal\u00e1lhat\u00f3 apr\u00f3, kit\u00e1gult lyukak sz\u00e1zai<\/strong><\/p>\n<p style=\"text-align: justify;\">Ez a kit\u00e1gult p\u00f3rusoknak k\u00f6sz\u00f6nhet\u0151ek. Ez lehet egy\u00e9ni adotts\u00e1g, de \u00e1ltal\u00e1ban a zs\u00edrosabb b\u0151rt\u00edpusok velej\u00e1r\u00f3ja, illetve kor\u00e1bbi m\u00e9ly, akn\u00e9s gyullad\u00e1sok visszamarad\u00e1sa is okozhatja.<\/p>\n<p style=\"text-align: justify;\">A b\u0151rben tal\u00e1lhat\u00f3 kollag\u00e9n felel\u0151s a b\u0151r feszess\u00e9g\u00e9\u00e9rt, az \u00e9vek m\u00fal\u00e1s\u00e1val azonban mennyis\u00e9ge fokozatosan cs\u00f6kken, \u00e9s az \u00e1llapota is megv\u00e1ltozik. A fiatalkori kollag\u00e9n rostok hidrat\u00e1ltak, ez\u00e1ltal lesz feszes az arcb\u0151r. Az \u00e9vek m\u00fal\u00e1s\u00e1val a kollag\u00e9n rostok megny\u00falnak, elvesz\u00edtik rugalmass\u00e1gukat, r\u00e1ncok jelennek meg, majd a b\u0151rfelsz\u00edn egyre rugalmatlanabb\u00e1, petyh\u00fcdtebb\u00e9 v\u00e1lik.<\/p>\n<p style=\"text-align: justify;\">A dermarolleres kezel\u00e9s az orvosi h\u00e1mlaszt\u00f3 kezel\u00e9sekkel k\u00f6zel azonos hat\u00e9konys\u00e1g\u00fa, viszont k\u00edm\u00e9letesebb.<\/p>\n<p style=\"text-align: justify;\"><strong>A dermarolleres kezel\u00e9s az els\u0151 olyan orvosi kezel\u00e9s, amellyel k\u00edm\u00e9letesen, r\u00f6vid id\u0151 alatt hat\u00e9konyan kezelhet\u0151ek az<\/strong><\/p>\n<ul>\n<li style=\"text-align: justify;\">akn\u00e9s hegek<\/li>\n<li style=\"text-align: justify;\">t\u00e1g p\u00f3rus\u00fa b\u0151r<\/li>\n<li style=\"text-align: justify;\">seborrhoeas b\u0151r<\/li>\n<li style=\"text-align: justify;\">id\u0151s\u00f6d\u0151 b\u0151r, apr\u00f3 r\u00e1ncok, doh\u00e1nyz\u00f3 r\u00e1ncok<\/li>\n<li style=\"text-align: justify;\">terhess\u00e9gi cs\u00edkok (stria) elhalv\u00e1ny\u00edt\u00e1sa<\/li>\n<li style=\"text-align: justify;\">pigmentfoltok, hyperpigment\u00e1ci\u00f3<\/li>\n<\/ul>\n<p style=\"text-align: justify;\"><strong><img loading=\"lazy\" decoding=\"async\" class=\"alignleft size-medium wp-image-335\" src=\"https:\/\/tridermis.hu\/wordpress\/wp-content\/uploads\/2016\/04\/dermaroller-300x234.jpg\" alt=\"dermaroller\" width=\"300\" height=\"234\" srcset=\"https:\/\/tridermis.hu\/wp-content\/uploads\/2016\/04\/dermaroller-300x234.jpg 300w, https:\/\/tridermis.hu\/wp-content\/uploads\/2016\/04\/dermaroller-768x599.jpg 768w, https:\/\/tridermis.hu\/wp-content\/uploads\/2016\/04\/dermaroller.jpg 855w\" sizes=\"auto, (max-width: 300px) 100vw, 300px\" \/>A kezel\u00e9s menete:<\/strong> A dermaroller egy kb. 2 cm-es henger, melynek fel\u00fclet\u00e9n csaknem 200 db 2 mm-es hossz\u00fas\u00e1g\u00fa hajsz\u00e1lv\u00e9kony t\u0171 tal\u00e1lhat\u00f3. Speci\u00e1lis, apr\u00f3 t\u0171ket tartalmaz\u00f3 toll alak\u00fa kezel\u0151fejjel is lehet a beavatkoz\u00e1st v\u00e9gezni.<\/p>\n<p style=\"text-align: justify;\">A megfelel\u0151 \u00e9rz\u00e9stelen\u00edt\u00e9s ut\u00e1n az \u00e9rintett b\u0151rfel\u00fcleten a kezel\u0151fejjel sok ezer nagyon apr\u00f3 lyukat hozunk l\u00e9tre, amely gyakorlatilag azonnal megind\u00edtja a b\u0151r term\u00e9szetes regener\u00e1l\u00f3 mechanizmus\u00e1t. Biol\u00f3giai aktiv\u00e1torok, helyi hat\u00e1s\u00fa hormonok termel\u0151dnek, megindul egy lass\u00fa, term\u00e9szetes \u00e1talakul\u00e1s, melynek eredm\u00e9nye, hogy a kollag\u00e9n termel\u0151d\u00e9s jelent\u0151sen fokoz\u00f3dik.<\/p>\n<p style=\"text-align: justify;\">A folyamat v\u00e9g\u00e9n a b\u0151r term\u00e9szetesen megfiatalodik, a b\u0151rhib\u00e1k, pattan\u00e1sos hegek, t\u00e1g p\u00f3rusok, m\u00e1jfoltok, r\u00e1ncok l\u00e1tv\u00e1nyosan halv\u00e1nyulnak, illetve elt\u0171nnek.<\/p>\n<p style=\"text-align: justify;\">Az eredm\u00e9ny 3-4 h\u00e9ttel a beavatkoz\u00e1s ut\u00e1n m\u00e1r l\u00e1that\u00f3. Jelent\u0151s javul\u00e1s az esetek t\u00f6bbs\u00e9g\u00e9ben m\u00e1r 1 kezel\u00e9st\u0151l v\u00e1rhat\u00f3, amennyiben ism\u00e9tl\u00e9s sz\u00fcks\u00e9ges az legkor\u00e1bban 1 h\u00f3nap m\u00falva v\u00e9gezhet\u0151 el.<\/p>\n<p style=\"text-align: justify;\"><strong>A kezel\u00e9st k\u00f6vet\u0151 hetekben<\/strong> a b\u0151rt min. 30-as faktor\u00fa napv\u00e9d\u0151 kr\u00e9mmel v\u00e9deni kell az er\u0151s napf\u00e9ny ellen, napoz\u00e1s, szol\u00e1riumoz\u00e1s nem aj\u00e1nlott. Az elj\u00e1r\u00e1s ut\u00e1n f\u00e9l napig tart\u00f3 b\u0151rp\u00edr jelentkezik, illetve \u00e9rz\u00e9kenyebb b\u0151r\u0171ekn\u00e9l sz\u00e1molni kell egy-k\u00e9t napig tart\u00f3 minim\u00e1lis v\u00e9ral\u00e1fut\u00e1sokkal.<\/p>\n<p style=\"text-align: justify;\"><strong>Ellenjavallatok<\/strong>: terhess\u00e9g, szoptat\u00e1s, keloid hajlam, akt\u00edv herpesz, gyulladt b\u0151r, l\u00e1z, torokf\u00e1j\u00e1s, v\u00e9rk\u00e9pz\u0151szervi betegs\u00e9g, v\u00e9rz\u00e9kenys\u00e9g, v\u00e9ralvad\u00e1sg\u00e1tl\u00f3 gy\u00f3gyszer szed\u00e9se, daganatos betegs\u00e9g, m\u00e1s eszt\u00e9tikai kezel\u00e9s a kezelt b\u0151rter\u00fcleten az elm\u00falt 2 h\u00e9tben, m\u00e1jgyullad\u00e1s, fert\u0151z\u0151t betegs\u00e9g.<\/p>\n<p style=\"text-align: justify;\"><strong>Az orvosi dermaroller<\/strong> 2 mm hossz\u00fa t\u0171i, illetve a kozmetikai szalonban haszn\u00e1latos 0.3-0.5 mm t\u0171k hat\u00e1sai k\u00f6zt alapvet\u0151 \u00e9lettani k\u00fcl\u00f6nbs\u00e9g van!<br \/>\nA 2 mm-s t\u0171k a b\u0151r irhar\u00e9teg\u00e9t s\u00e9rtik meg, \u00edgy az ott tal\u00e1lhat\u00f3 fibroblastok, azaz a k\u00f6t\u0151sz\u00f6vet termel\u0151 sejtek, elkezdik ezeket a lyukakat kollag\u00e9nnel begy\u00f3gy\u00edtani.<\/p>\n<p style=\"text-align: justify;\">Kozmetikai dermaloller t\u0171i csup\u00e1n egy b\u0151rrad\u00edr kezel\u00e9snek felelnek meg, ez\u00e9rt sz\u00fcks\u00e9ges ekkor gyakran k\u00fcl\u00f6nf\u00e9le oldatokat (vitamin, foly\u00e9kony hyaluronsav, gy\u00f3gyn\u00f6v\u00e9nyek stb.) a kezel\u00e9s k\u00f6zben a b\u0151rre felvinni.<\/p>\n<p style=\"text-align: justify;\">Fontos, hogy az orvosi dermaroller technika l\u00e9nyege a m\u00e9ly kezel\u00e9s, amely igaz\u00e1n kiv\u00e1ltja a b\u0151r regener\u00e1l\u00f3d\u00e1s\u00e1t, megfiatalod\u00e1s\u00e1t. Ez\u00e9rt a kezel\u00e9s sor\u00e1n nincs sz\u00fcks\u00e9g k\u00edv\u00fclr\u0151l bevitt anyag felhaszn\u00e1l\u00e1s\u00e1ra.<\/p>\n","protected":false},"excerpt":{"rendered":"<p>Sok embernek okoznak eszt\u00e9tikai probl\u00e9m\u00e1t az arcb\u0151r\u00f6n tal\u00e1lhat\u00f3 apr\u00f3, kit\u00e1gult lyukak sz\u00e1zai Ez a kit\u00e1gult p\u00f3rusoknak k\u00f6sz\u00f6nhet\u0151ek. Ez lehet egy\u00e9ni adotts\u00e1g, de \u00e1ltal\u00e1ban a zs\u00edrosabb b\u0151rt\u00edpusok velej\u00e1r\u00f3ja, illetve kor\u00e1bbi m\u00e9ly, akn\u00e9s gyullad\u00e1sok visszamarad\u00e1sa is okozhatja. A b\u0151rben tal\u00e1lhat\u00f3 kollag\u00e9n felel\u0151s a b\u0151r feszess\u00e9g\u00e9\u00e9rt, az \u00e9vek m\u00fal\u00e1s\u00e1val azonban mennyis\u00e9ge fokozatosan cs\u00f6kken, \u00e9s az \u00e1llapota is megv\u00e1ltozik. [&hellip;]<\/p>\n","protected":false},"author":1,"featured_media":0,"parent":0,"menu_order":0,"comment_status":"closed","ping_status":"closed","template":"","meta":{"footnotes":""},"class_list":["post-52","page","type-page","status-publish","czr-hentry"],"aioseo_notices":[],"_links":{"self":[{"href":"https:\/\/tridermis.hu\/index.php\/wp-json\/wp\/v2\/pages\/52","targetHints":{"allow":["GET"]}}],"collection":[{"href":"https:\/\/tridermis.hu\/index.php\/wp-json\/wp\/v2\/pages"}],"about":[{"href":"https:\/\/tridermis.hu\/index.php\/wp-json\/wp\/v2\/types\/page"}],"author":[{"embeddable":true,"href":"https:\/\/tridermis.hu\/index.php\/wp-json\/wp\/v2\/users\/1"}],"replies":[{"embeddable":true,"href":"https:\/\/tridermis.hu\/index.php\/wp-json\/wp\/v2\/comments?post=52"}],"version-history":[{"count":3,"href":"https:\/\/tridermis.hu\/index.php\/wp-json\/wp\/v2\/pages\/52\/revisions"}],"predecessor-version":[{"id":336,"href":"https:\/\/tridermis.hu\/index.php\/wp-json\/wp\/v2\/pages\/52\/revisions\/336"}],"wp:attachment":[{"href":"https:\/\/tridermis.hu\/index.php\/wp-json\/wp\/v2\/media?parent=52"}],"curies":[{"name":"wp","href":"https:\/\/api.w.org\/{rel}","templated":true}]}}