{"id":35,"date":"2016-04-25T09:56:14","date_gmt":"2016-04-25T09:56:14","guid":{"rendered":"http:\/\/tridermis.hu\/wordpress\/?page_id=35"},"modified":"2019-05-15T11:32:10","modified_gmt":"2019-05-15T11:32:10","slug":"keloidos-heg-hipertrofias-heg-hegkorrekcio","status":"publish","type":"page","link":"https:\/\/tridermis.hu\/index.php\/keloidos-heg-hipertrofias-heg-hegkorrekcio\/","title":{"rendered":"Keloidos heg, hipertr\u00f3fi\u00e1s heg, Hegkorrekci\u00f3"},"content":{"rendered":"<p style=\"text-align: justify;\">Ha b\u00e1rmely s\u00e9r\u00fcl\u00e9s, m\u0171t\u00e9ti beavatkoz\u00e1s ut\u00e1n nem gy\u00f3gyul ide\u00e1lisan a heg, akkor t\u00f6bbnyire <strong>hipertr\u00f3fi\u00e1s hegk\u00e9pz\u0151d\u00e9si zavar<\/strong> l\u00e9p fel, vagy szerencs\u00e9re sokkal ritk\u00e1bban <strong>keloid, keloidos heg<\/strong> alakulhat ki a hegsz\u00f6vet gy\u00f3gyul\u00e1si zavara miatt.<\/p>\n<p style=\"text-align: justify;\">A <strong>hipertr\u00f3fi\u00e1s heg<\/strong> a b\u0151rrel szintben l\u00e9v\u0151, de sz\u00e9lesebb, vagy az eredeti hegvonaln\u00e1l vastagabb heget jelent, mely azonban nem terjed t\u00fal az eredeti seb vonal\u00e1n. Id\u0151vel megjelen\u00e9se javulhat, keskenyedhet, puhulhat sokat.<\/p>\n<p style=\"text-align: justify;\"><strong>Keloid<\/strong> eset\u00e9ben gy\u00f3gyul\u00e1sakor <strong>k\u00f3ros hegburj\u00e1nz\u00e1s<\/strong> alakul ki a sebz\u00e9s eredeti hat\u00e1rain t\u00faln\u00f6v\u0151en. (K\u00f6znyelvben &#8222;vadh\u00fas&#8221;-nak, &#8222;vadh\u00fas kin\u00f6v\u00e9snek&#8221; is nevezik)<\/p>\n<h2 style=\"text-align: justify;\"><strong>Hogyan kezelhet\u0151k a hipertr\u00f3fi\u00e1s hegek \u00e9s a keloidok?<\/strong><\/h2>\n<p style=\"text-align: justify;\"><strong>Keloidos hegek j\u00f3l kezelhet\u0151ek injekci\u00f3s kezel\u00e9ssel<\/strong><\/p>\n<p style=\"text-align: justify;\">A legfontosabb, hogy j\u00f3l el tudjuk k\u00fcl\u00f6n\u00edteni, hogy milyen <strong>sebgy\u00f3gyul\u00e1si zavarral<\/strong> \u00e1llunk szemben. A korai gy\u00f3gyul\u00e1si id\u0151, kb. 2-3 h\u00f3nap eltelte ut\u00e1n m\u00e1r \u00e1ltal\u00e1ban l\u00e1that\u00f3, ha a heg gy\u00f3gyul\u00e1sa zavart. Ilyenkor m\u00e9g felt\u00e9tlen\u00fcl k\u00fcls\u0151 kezel\u00e9sben kell gondolkoznunk. Erre alkalmas kr\u00e9mek (pl. Contractubex), szilikon lapok, nyom\u00e1ster\u00e1pia haszn\u00e1lata javasolt. \u00c1ltal\u00e1ban f\u00e9l-egy \u00e9vet mindenk\u00e9ppen \u00e9rdemes v\u00e1rnunk a heg v\u00e9gs\u0151 form\u00e1j\u00e1nak kialakul\u00e1s\u00e1ig, am\u00edg biztos v\u00e9lem\u00e9nyt mondhatunk \u00e9s a tov\u00e1bbi kezel\u00e9st is meghat\u00e1rozhatjuk.<\/p>\n<p style=\"text-align: justify;\"><strong>Hipertr\u00f3fi\u00e1s hegek<\/strong> eset\u00e9ben legkor\u00e1bban egy \u00e9vvel a heg kialakul\u00e1sa ut\u00e1n \u00e9rdemes v\u00e1llalkozni korrekci\u00f3s m\u0171t\u00e9tre. Ez az esetek t\u00f6bbs\u00e9g\u00e9ben a heg kimetsz\u00e9s\u00e9t \u00e9s fesz\u00fcl\u00e9smentes, atraumatikus sebz\u00e1r\u00e1st jelent. Annyiban k\u00fcl\u00f6nb\u00f6zik ez a helyzet az eredeti m\u0171t\u00e9ti k\u00f6r\u00fclm\u00e9nyekt\u0151l, hogy ilyenkor csak a heg ker\u00fcl kezel\u00e9sre, a m\u00e1r megnyugodott k\u00f6rnyezet j\u00f3 es\u00e9lyt biztos\u00edt az optim\u00e1lis gy\u00f3gyul\u00e1shoz. Ha sz\u00fcks\u00e9ges \u00e9s lehets\u00e9ges, ritk\u00e1bban m\u00e1s megold\u00e1s is sz\u00f3ba j\u00f6het, pl. un. <strong>&#8222;Z&#8221; plasztika<\/strong> elv\u00e9gz\u00e9se.<\/p>\n<p style=\"text-align: justify;\"><strong>Keloidos hegek<\/strong> kezel\u00e9sekor a m\u0171t\u00e9ti megold\u00e1s ritk\u00e1n, vagy soha nem j\u00f6n sz\u00f3ba. Csak laza b\u0151rrel rendelkez\u0151, fesz\u00fcl\u00e9snek kev\u00e9sb\u00e9 kitett testr\u00e9szeken v\u00e9gz\u00fcnk korrekci\u00f3s m\u0171t\u00e9tet, ilyenkor legt\u00f6bbsz\u00f6r a m\u0171t\u00e9t ut\u00e1n besug\u00e1rz\u00e1ssal is kieg\u00e9sz\u00edtve. <strong>Fesz\u00fcl\u0151 ter\u00fcleteken<\/strong> (pl. mellkas, v\u00e1ll) m\u0171t\u00e9tet soha nem javasolunk, mert kimetsz\u00e9s ut\u00e1n a keletkez\u0151 heg szinte biztos, hogy keloidos lesz \u00e9s val\u00f3sz\u00edn\u0171leg nagyobb is, mint eredetileg volt. Ilyen ter\u00fcleteken j\u00f3 eredm\u00e9nyt v\u00e1rhatunk az <strong>injekci\u00f3s kezel\u00e9st\u0151l<\/strong>. Ez a hegbe t\u00f6rt\u00e9n\u0151 <strong>szteroid tartalm\u00fa injekci\u00f3 befecskendez\u00e9s\u00e9t<\/strong> jelenti, mely kezel\u00e9st a javul\u00e1st\u00f3l f\u00fcgg\u0151en t\u00f6bbsz\u00f6r is elv\u00e9gezhet\u00fcnk, kb. 4-6 h\u00e9t, vagy ak\u00e1r enn\u00e9l hosszabb sz\u00fcnettel. Az injekci\u00f3z\u00e1s kiss\u00e9 kellemetlen fesz\u00edt\u0151 \u00e9rz\u00e9ssel j\u00e1r. Hat\u00e1s\u00e1ra azonban a keloid megpuhul, a b\u0151rrel szintbe ker\u00fcl, elfeh\u00e9redik \u00e9s megsz\u0171nnek a szubjekt\u00edv panaszok, mint a h\u00faz\u00f3d\u00e1s \u00e9s a viszket\u00e9s.<\/p>\n","protected":false},"excerpt":{"rendered":"<p>Ha b\u00e1rmely s\u00e9r\u00fcl\u00e9s, m\u0171t\u00e9ti beavatkoz\u00e1s ut\u00e1n nem gy\u00f3gyul ide\u00e1lisan a heg, akkor t\u00f6bbnyire hipertr\u00f3fi\u00e1s hegk\u00e9pz\u0151d\u00e9si zavar l\u00e9p fel, vagy szerencs\u00e9re sokkal ritk\u00e1bban keloid, keloidos heg alakulhat ki a hegsz\u00f6vet gy\u00f3gyul\u00e1si zavara miatt. A hipertr\u00f3fi\u00e1s heg a b\u0151rrel szintben l\u00e9v\u0151, de sz\u00e9lesebb, vagy az eredeti hegvonaln\u00e1l vastagabb heget jelent, mely azonban nem terjed t\u00fal az eredeti [&hellip;]<\/p>\n","protected":false},"author":1,"featured_media":0,"parent":0,"menu_order":0,"comment_status":"closed","ping_status":"closed","template":"","meta":{"footnotes":""},"class_list":["post-35","page","type-page","status-publish","czr-hentry"],"aioseo_notices":[],"_links":{"self":[{"href":"https:\/\/tridermis.hu\/index.php\/wp-json\/wp\/v2\/pages\/35","targetHints":{"allow":["GET"]}}],"collection":[{"href":"https:\/\/tridermis.hu\/index.php\/wp-json\/wp\/v2\/pages"}],"about":[{"href":"https:\/\/tridermis.hu\/index.php\/wp-json\/wp\/v2\/types\/page"}],"author":[{"embeddable":true,"href":"https:\/\/tridermis.hu\/index.php\/wp-json\/wp\/v2\/users\/1"}],"replies":[{"embeddable":true,"href":"https:\/\/tridermis.hu\/index.php\/wp-json\/wp\/v2\/comments?post=35"}],"version-history":[{"count":4,"href":"https:\/\/tridermis.hu\/index.php\/wp-json\/wp\/v2\/pages\/35\/revisions"}],"predecessor-version":[{"id":992,"href":"https:\/\/tridermis.hu\/index.php\/wp-json\/wp\/v2\/pages\/35\/revisions\/992"}],"wp:attachment":[{"href":"https:\/\/tridermis.hu\/index.php\/wp-json\/wp\/v2\/media?parent=35"}],"curies":[{"name":"wp","href":"https:\/\/api.w.org\/{rel}","templated":true}]}}