{"id":31,"date":"2016-04-25T09:55:39","date_gmt":"2016-04-25T09:55:39","guid":{"rendered":"http:\/\/tridermis.hu\/wordpress\/?page_id=31"},"modified":"2016-04-27T13:15:38","modified_gmt":"2016-04-27T13:15:38","slug":"gombas-fertozesek-koromgomba-kezelese","status":"publish","type":"page","link":"https:\/\/tridermis.hu\/index.php\/gombas-fertozesek-koromgomba-kezelese\/","title":{"rendered":"Gomb\u00e1s fert\u0151z\u00e9sek, k\u00f6r\u00f6mgomba kezel\u00e9se"},"content":{"rendered":"<p style=\"text-align: justify;\"><strong>B\u0151rgy\u00f3gy\u00e1szati mag\u00e1nrendel\u00e9s\u00fcnk\u00f6n a k\u00f6r\u00f6mgomba, \u00e9s a b\u0151rgomba kezel\u00e9sre is van lehet\u0151s\u00e9g!<\/strong><\/p>\n<p style=\"text-align: justify;\">A k\u00f6r\u00f6mgomba \u00e9s a b\u0151rgomba a leggyakrabban el\u0151fordul\u00f3 b\u0151rgy\u00f3gy\u00e1szati betegs\u00e9gek k\u00f6z\u00e9 tartoznak, a k\u00f6r\u00f6mgomba n\u00e9pbetegs\u00e9gnek tekinthet\u0151. A k\u00f6r\u00f6mgomb\u00e1t \u00e9s a b\u0151rgomb\u00e1t okoz\u00f3 gomb\u00e1k t\u00edpusai szerint lehetnek fonalas, sarjadz\u00f3 (pl. Candida albicans) illetve pen\u00e9sz gomb\u00e1k.<\/p>\n<p style=\"text-align: justify;\">A k\u00f6r\u00f6mgomb\u00e1ra, a b\u0151rgomb\u00e1ra sz\u00e1mos hajlamos\u00edt\u00f3 t\u00e9nyez\u0151t ismer\u00fcnk: cs\u00f6kkent v\u00e9dekez\u0151k\u00e9pess\u00e9g\u0171 emberi szervezet, vashi\u00e1ny, elh\u00edz\u00e1s, hormon\u00e1lis betegs\u00e9gek, cukorbetegs\u00e9g, pajzsmirigybetegs\u00e9g, m\u00e1jgyullad\u00e1s, kering\u00e9si zavarok, \u00e9rsz\u0171k\u00fclet. Sz\u00e1mos gy\u00f3gyszer szed\u00e9se mellett gyakrabban fordul el\u0151 a k\u00f6r\u00f6mgomba \u00e9s a b\u0151rgomba, ilyenek az antibiotikumok, a szteroidok, az or\u00e1lis fogamz\u00e1sg\u00e1tl\u00f3k.<\/p>\n<p style=\"text-align: justify;\">A mechanikai behat\u00e1s, a k\u00f6r\u00f6m\u00e1gyi s\u00e9r\u00fcl\u00e9s, a sz\u0171k ruh\u00e1zat, illetve a sz\u0171k cip\u0151k fokozz\u00e1k a k\u00f6r\u00f6mgomb\u00e1ra, b\u0151rgomb\u00e1ra val\u00f3 hajlamot. A napjainkban egyre gyakoribb, divatosabb uszodahaszn\u00e1lat \u00e9s szol\u00e1rium haszn\u00e1lat is n\u00f6veli a k\u00f6r\u00f6mgomba \u00e9s a b\u0151rgomba el\u0151fordul\u00e1s\u00e1t. A fokozott izzad\u00e1s szint\u00e9n hajlamos\u00edt a gomb\u00e1s b\u0151rbetegs\u00e9gek kialakul\u00e1s\u00e1ra. A b\u0151rgomba h\u00e1zi kedvenceinkt\u0151l is elkaphat\u00f3, f\u0151k\u00e9nt kuty\u00e1kt\u00f3l, macsk\u00e1kt\u00f3l.<\/p>\n<p style=\"text-align: justify;\">B\u0151rgomb\u00e1sod\u00e1s, k\u00f6r\u00f6mgomb\u00e1sod\u00e1s eset\u00e9n a b\u0151rgy\u00f3gy\u00e1sz megvizsg\u00e1lja a hajas fejb\u0151rt, a testfelsz\u00ednt illetve a k\u00f6rm\u00f6ket, sz\u00fcks\u00e9g eset\u00e9n mint\u00e1t vesz a b\u0151r illetve k\u00f6r\u00f6m elv\u00e1ltoz\u00e1sokb\u00f3l, r\u00e1k\u00e9rdez a p\u00e1ciens betegs\u00e9geire, szok\u00e1saira.<\/p>\n<p style=\"text-align: justify;\">A k\u00f6r\u00f6mgomba, b\u0151rgomba kezel\u00e9sekor a b\u0151rgy\u00f3gy\u00e1sz felh\u00edvja a p\u00e1ciens figyelm\u00e9t a hajlamos\u00edt\u00f3 t\u00e9nyez\u0151k szerep\u00e9re, a b\u0151rgy\u00f3gy\u00e1sz rendelkez\u00e9s\u00e9re \u00e1ll sz\u00e1mos gomba ellenes ecsetel\u0151, kr\u00e9m, ken\u0151cs, k\u00f6r\u00f6mlakk illetve bels\u0151leg adhat\u00f3 gombaellenes gy\u00f3gyszer, amellyel hat\u00e9konyan gy\u00f3gy\u00edthat\u00f3 mind a k\u00f6r\u00f6mgomba, mind a b\u0151rgomba.<\/p>\n<p style=\"text-align: justify;\"><strong>A b\u0151rgomba t\u00fcnetei<\/strong><\/p>\n<p style=\"text-align: justify;\">A b\u0151rgomba kialakulhat a hajas fejb\u0151r\u00f6n, a szak\u00e1llt\u00e1j\u00e9kon, az arcon, a t\u00f6rzs b\u00e1rmely r\u00e9sz\u00e9n, a l\u00e1bakon, a talpakon, a l\u00e1bujjak k\u00f6z\u00f6tt. \u00c1ltal\u00e1ban kerek, vagy ov\u00e1lis finoman h\u00e1ml\u00f3 v\u00f6r\u00f6s viszket\u0151 foltokat l\u00e1thatunk a b\u0151rfelsz\u00ednen. A talpakon h\u00e1ml\u00e1s, a l\u00e1bujjak k\u00f6z\u00f6tt a b\u0151r fel\u00e1z\u00e1sa, v\u00f6r\u00f6ss\u00e9g, viszket\u00e9s kialakul\u00e1sa a jellemz\u0151 b\u0151rgomba eset\u00e9n.<\/p>\n<p style=\"text-align: justify;\">Amennyiben sarjadz\u00f3 gomba okozza a b\u0151rgomb\u00e1t, els\u0151sorban a nagyhajlatok, combt\u0151, h\u00f3naljak, mellek alatti r\u00e9sz, hasi red\u0151k v\u00f6r\u00f6s, viszket\u0151 b\u0151relv\u00e1ltoz\u00e1sait l\u00e1thatjuk. Candida gomba okozza a sz\u00e1jpen\u00e9szt, a nemi szervek gomb\u00e1sod\u00e1s\u00e1t, a csecsem\u0151kn\u00e9l el\u0151fordul\u00f3 pelenka dermatitist is.<\/p>\n<p style=\"text-align: justify;\"><strong>A k\u00f6r\u00f6mgomba t\u00fcnetei<\/strong><\/p>\n<p style=\"text-align: justify;\">A k\u00f6r\u00f6mgomba megbeteg\u00edtheti a k\u00e9zk\u00f6rm\u00f6ket \u00e9s a l\u00e1bk\u00f6rm\u00f6ket, de a l\u00e1bk\u00f6rm\u00f6k\u00f6n j\u00f3val gyakrabban fordul el\u0151. A k\u00f6r\u00f6mlemez elsz\u00ednez\u0151dik, feh\u00e9r, s\u00e1rga, barna sz\u00edn\u0171v\u00e9 v\u00e1lhat, a k\u00f6r\u00f6m t\u00f6redezett lesz, f\u00e9ny\u00e9t elvesz\u00edti, a k\u00f6r\u00f6mlemez alatt morzsal\u00e9kony \u00fan. szarumassza alakul ki.<br \/>\nHat\u00e9konyan bels\u0151leg szedett gombaellenes gy\u00f3gyszerekkel kezelhet\u0151, ennek ellen\u00e9re 20-30%-ban tapasztaljuk a k\u00f6rm\u00f6k \u00fajb\u00f3li visszafert\u0151z\u0151d\u00e9s\u00e9t, els\u0151sorban a l\u00e1bk\u00f6rm\u00f6k gomb\u00e1sod\u00e1sa eset\u00e9n.<\/p>\n","protected":false},"excerpt":{"rendered":"<p>B\u0151rgy\u00f3gy\u00e1szati mag\u00e1nrendel\u00e9s\u00fcnk\u00f6n a k\u00f6r\u00f6mgomba, \u00e9s a b\u0151rgomba kezel\u00e9sre is van lehet\u0151s\u00e9g! A k\u00f6r\u00f6mgomba \u00e9s a b\u0151rgomba a leggyakrabban el\u0151fordul\u00f3 b\u0151rgy\u00f3gy\u00e1szati betegs\u00e9gek k\u00f6z\u00e9 tartoznak, a k\u00f6r\u00f6mgomba n\u00e9pbetegs\u00e9gnek tekinthet\u0151. A k\u00f6r\u00f6mgomb\u00e1t \u00e9s a b\u0151rgomb\u00e1t okoz\u00f3 gomb\u00e1k t\u00edpusai szerint lehetnek fonalas, sarjadz\u00f3 (pl. Candida albicans) illetve pen\u00e9sz gomb\u00e1k. A k\u00f6r\u00f6mgomb\u00e1ra, a b\u0151rgomb\u00e1ra sz\u00e1mos hajlamos\u00edt\u00f3 t\u00e9nyez\u0151t ismer\u00fcnk: cs\u00f6kkent v\u00e9dekez\u0151k\u00e9pess\u00e9g\u0171 [&hellip;]<\/p>\n","protected":false},"author":1,"featured_media":0,"parent":0,"menu_order":0,"comment_status":"closed","ping_status":"closed","template":"","meta":{"footnotes":""},"class_list":["post-31","page","type-page","status-publish","czr-hentry"],"aioseo_notices":[],"_links":{"self":[{"href":"https:\/\/tridermis.hu\/index.php\/wp-json\/wp\/v2\/pages\/31","targetHints":{"allow":["GET"]}}],"collection":[{"href":"https:\/\/tridermis.hu\/index.php\/wp-json\/wp\/v2\/pages"}],"about":[{"href":"https:\/\/tridermis.hu\/index.php\/wp-json\/wp\/v2\/types\/page"}],"author":[{"embeddable":true,"href":"https:\/\/tridermis.hu\/index.php\/wp-json\/wp\/v2\/users\/1"}],"replies":[{"embeddable":true,"href":"https:\/\/tridermis.hu\/index.php\/wp-json\/wp\/v2\/comments?post=31"}],"version-history":[{"count":2,"href":"https:\/\/tridermis.hu\/index.php\/wp-json\/wp\/v2\/pages\/31\/revisions"}],"predecessor-version":[{"id":143,"href":"https:\/\/tridermis.hu\/index.php\/wp-json\/wp\/v2\/pages\/31\/revisions\/143"}],"wp:attachment":[{"href":"https:\/\/tridermis.hu\/index.php\/wp-json\/wp\/v2\/media?parent=31"}],"curies":[{"name":"wp","href":"https:\/\/api.w.org\/{rel}","templated":true}]}}