{"id":29,"date":"2016-04-25T09:55:19","date_gmt":"2016-04-25T09:55:19","guid":{"rendered":"http:\/\/tridermis.hu\/wordpress\/?page_id=29"},"modified":"2016-04-27T13:14:01","modified_gmt":"2016-04-27T13:14:01","slug":"hajhullasok","status":"publish","type":"page","link":"https:\/\/tridermis.hu\/index.php\/hajhullasok\/","title":{"rendered":"Hajhull\u00e1sok"},"content":{"rendered":"<p style=\"text-align: justify;\"><strong>B\u0151rgy\u00f3gy\u00e1szati mag\u00e1nrendel\u00e9s\u00fcnk\u00f6n a hajhull\u00e1sok kezel\u00e9s\u00e9re is van lehet\u0151s\u00e9g!<\/strong><\/p>\n<p style=\"text-align: justify;\">A fiziol\u00f3gi\u00e1s, norm\u00e1lis hajciklus eredm\u00e9nyek\u00e9ppen a hajas fejb\u0151r\u00f6n valamennyi haj 3-5 \u00e9ven bel\u00fcl lecser\u00e9l\u0151dik. A hajhull\u00e1s folyamatos, naponta 50-100 hajsz\u00e1l hullik ki. Ez m\u00e9g norm\u00e1lis hajhull\u00e1snak tekinthet\u0151.<\/p>\n<p style=\"text-align: justify;\">A hajhull\u00e1s lehet diff\u00faz \u00e9s foltos, maradand\u00f3 \u00e9s \u00e1tmeneti. A hajhull\u00e1s olyan m\u00e9rt\u00e9k\u0171 is lehet, hogy megv\u00e1ltoztatja a p\u00e1ciens k\u00fcls\u0151 megjelen\u00e9s\u00e9t, \u00e9letmin\u0151s\u00e9g roml\u00e1st \u00e9s pszich\u00e9s probl\u00e9m\u00e1kat okozva ezzel, ez\u00e9rt k\u00fcl\u00f6n\u00f6sen fontos, hogy tiszt\u00e1zzuk a hajhull\u00e1s kiv\u00e1lt\u00f3 ok\u00e1t. A hajhull\u00e1s sokszor a kiv\u00e1lt\u00f3 hat\u00e1s ut\u00e1n 3-4 h\u00f3nappal jelentkezik \u00e9s az ok megsz\u0171ntet\u00e9s\u00e9t k\u00f6vet\u0151en 3-4 h\u00f3nappal rendez\u0151dik a hajn\u00f6veked\u00e9s.<\/p>\n<p style=\"text-align: justify;\">A lehets\u00e9ges kiv\u00e1lt\u00f3 okok sz\u00e9les sk\u00e1l\u00e1ja ismert: s\u00falyos l\u00e1zas betegs\u00e9g, v\u00e9rvesztes\u00e9g, m\u0171t\u00e9ti beavatkoz\u00e1sok, nagym\u00e9rt\u00e9k\u0171 s\u00falyveszt\u00e9s, gy\u00f3gyszeres kezel\u00e9sek, fogamz\u00e1sg\u00e1tl\u00f3k szed\u00e9se vagy abbahagy\u00e1sa, terhess\u00e9g, szoptat\u00e1s, emocion\u00e1lis stressz.<\/p>\n<p style=\"text-align: justify;\">A hajhull\u00e1s h\u00e1tter\u00e9ben komoly belgy\u00f3gy\u00e1szati betegs\u00e9gek, pajzsmirigy betegs\u00e9g, policiszt\u00e1s ov\u00e1rium szindr\u00f3ma (PCO), egy\u00e9b hormon\u00e1lis v\u00e1ltoz\u00e1sok, m\u00e1j- \u00e9s vesebetegs\u00e9gek is \u00e1llhatnak. A hajhull\u00e1st fenntarthatja valamilyen gyullad\u00e1sos g\u00f3c, rossz mandula vagy fog, vas \u00e9s cinkhi\u00e1ny, egy\u00e9b \u00e1sv\u00e1nyi anyagok hi\u00e1nya is.<\/p>\n<p style=\"text-align: justify;\">Fontos, hogy sok esetben els\u0151 t\u00fcnetk\u00e9nt jelentkezik a hajhull\u00e1s, \u00e9s ez h\u00edvja fel a figyelmet a h\u00e1tt\u00e9rben \u00e1ll\u00f3 betegs\u00e9gre. Ez\u00e9rt fontos, hogy a hajhull\u00e1s ok\u00e1t kell kider\u00edteni, ezt kell megsz\u00fcntetni. A kezel\u00e9s sor\u00e1n helyileg gyullad\u00e1scs\u00f6kkent\u0151 \u00e9s v\u00e9rkering\u00e9s fokoz\u00f3 helyi ecsetel\u0151k, bels\u0151leg hajn\u00f6veked\u00e9st serkent\u0151 vitaminok adhat\u00f3ak.<\/p>\n<p style=\"text-align: justify;\">A hajhull\u00e1s leggyakoribb form\u00e1ja a n\u0151kn\u00e9l \u00e9s f\u00e9rfiakn\u00e1l egyar\u00e1nt el\u0151fordul\u00f3 androg\u00e9n t\u00edpus\u00fa hajhull\u00e1s, ami a hormon\u00e1lis m\u0171k\u00f6d\u00e9st\u0151l f\u00fcgg. Ez mindenkit \u00e9rint az \u00e9let folyam\u00e1n, csak a hajhull\u00e1s jelentkez\u00e9s\u00e9nek id\u0151pontja \u00e9s m\u00e9rt\u00e9ke k\u00f6z\u00f6tt van egy\u00e9ni k\u00fcl\u00f6nbs\u00e9g, vagyis az \u00f6r\u00f6kl\u00f6tt hajlam jelent\u0151sen befoly\u00e1solja a kialakul\u00e1s\u00e1t.<\/p>\n<p style=\"text-align: justify;\">A f\u00e9rfiak eset\u00e9ben az androg\u00e9n t\u00edpus\u00fa hajhull\u00e1s t\u00fcneti kezel\u00e9s\u00e9vel lass\u00edtani lehet a hajhull\u00e1s folyamat\u00e1t.<\/p>\n<p style=\"text-align: justify;\">A n\u0151ket a hajhull\u00e1s ez a form\u00e1ja els\u0151sorban a v\u00e1ltoz\u00f3 kor ut\u00e1n \u00e9rinti, mivel ilyenkor az androg\u00e9n hormonok hat\u00e1sa kifejezettebb\u00e9 v\u00e1lik. Ha fiatal n\u0151kn\u00e9l l\u00e1tjuk az androg\u00e9n t\u00edpus\u00fa hajhull\u00e1st, javasolt a p\u00e1ciens endokrinol\u00f3giai \/hormon\u00e1lis kivizsg\u00e1l\u00e1sa. Ha az androg\u00e9n t\u00edpus\u00fa hajhull\u00e1shoz, f\u00e9rfias t\u00edpus\u00fa sz\u0151rn\u00f6veked\u00e9s, akne, menstru\u00e1ci\u00f3s rendellenesess\u00e9g is t\u00e1rsul, policiszt\u00e1s ov\u00e1rium szindr\u00f3ma ir\u00e1ny\u00e1ban kell vizsg\u00e1latokat ind\u00edtani.<\/p>\n<p style=\"text-align: justify;\">A n\u0151k androg\u00e9n t\u00edpus\u00fa hajhull\u00e1s\u00e1t kezelhetj\u00fck antiandrog\u00e9n hat\u00e1s\u00fa fogamz\u00e1sg\u00e1tl\u00f3kkal, k\u00fcls\u0151 ecsetel\u0151kkel, de kieg\u00e9sz\u00edt\u00e9sk\u00e9nt mezoter\u00e1pi\u00e1t is alkalmazhatunk.<\/p>\n","protected":false},"excerpt":{"rendered":"<p>B\u0151rgy\u00f3gy\u00e1szati mag\u00e1nrendel\u00e9s\u00fcnk\u00f6n a hajhull\u00e1sok kezel\u00e9s\u00e9re is van lehet\u0151s\u00e9g! A fiziol\u00f3gi\u00e1s, norm\u00e1lis hajciklus eredm\u00e9nyek\u00e9ppen a hajas fejb\u0151r\u00f6n valamennyi haj 3-5 \u00e9ven bel\u00fcl lecser\u00e9l\u0151dik. A hajhull\u00e1s folyamatos, naponta 50-100 hajsz\u00e1l hullik ki. Ez m\u00e9g norm\u00e1lis hajhull\u00e1snak tekinthet\u0151. A hajhull\u00e1s lehet diff\u00faz \u00e9s foltos, maradand\u00f3 \u00e9s \u00e1tmeneti. A hajhull\u00e1s olyan m\u00e9rt\u00e9k\u0171 is lehet, hogy megv\u00e1ltoztatja a p\u00e1ciens k\u00fcls\u0151 [&hellip;]<\/p>\n","protected":false},"author":1,"featured_media":0,"parent":0,"menu_order":0,"comment_status":"closed","ping_status":"closed","template":"","meta":{"footnotes":""},"class_list":["post-29","page","type-page","status-publish","czr-hentry"],"aioseo_notices":[],"_links":{"self":[{"href":"https:\/\/tridermis.hu\/index.php\/wp-json\/wp\/v2\/pages\/29","targetHints":{"allow":["GET"]}}],"collection":[{"href":"https:\/\/tridermis.hu\/index.php\/wp-json\/wp\/v2\/pages"}],"about":[{"href":"https:\/\/tridermis.hu\/index.php\/wp-json\/wp\/v2\/types\/page"}],"author":[{"embeddable":true,"href":"https:\/\/tridermis.hu\/index.php\/wp-json\/wp\/v2\/users\/1"}],"replies":[{"embeddable":true,"href":"https:\/\/tridermis.hu\/index.php\/wp-json\/wp\/v2\/comments?post=29"}],"version-history":[{"count":2,"href":"https:\/\/tridermis.hu\/index.php\/wp-json\/wp\/v2\/pages\/29\/revisions"}],"predecessor-version":[{"id":142,"href":"https:\/\/tridermis.hu\/index.php\/wp-json\/wp\/v2\/pages\/29\/revisions\/142"}],"wp:attachment":[{"href":"https:\/\/tridermis.hu\/index.php\/wp-json\/wp\/v2\/media?parent=29"}],"curies":[{"name":"wp","href":"https:\/\/api.w.org\/{rel}","templated":true}]}}