{"id":238,"date":"2016-04-28T15:21:03","date_gmt":"2016-04-28T15:21:03","guid":{"rendered":"http:\/\/tridermis.hu\/wordpress\/?page_id=238"},"modified":"2025-09-22T07:59:32","modified_gmt":"2025-09-22T07:59:32","slug":"bemutatkozas-a","status":"publish","type":"page","link":"https:\/\/tridermis.hu\/index.php\/bemutatkozas-a\/","title":{"rendered":"Bemutatkoz\u00e1s"},"content":{"rendered":"<h4 style=\"text-align: center;\"><strong>Bar\u00e1ts\u00e1gos \u00e9s megb\u00edzhat\u00f3 b\u0151rgy\u00f3gy\u00e1szat a XIV. ker\u00fcletben,\u00a0a PASK\u00c1L LAK\u00d3PARKBAN!<\/strong><\/h4>\n<p><strong>B\u0151rgy\u00f3gy\u00e1szati mag\u00e1nrendel\u0151nket azzal a c\u00e9llal hoztuk l\u00e9tre, hogy feln\u0151tteknek, gyermekeknek \u00e9s tin\u00e9dzsereknek is magas sz\u00ednvonal\u00fa, hat\u00e9kony \u00e9s ig\u00e9nyes b\u0151rgy\u00f3gy\u00e1szati ell\u00e1t\u00e1st biztos\u00edtsunk Zugl\u00f3ban.<\/strong><\/p>\n<p>C\u00e9lunk, hogy minden p\u00e1ciens\u00fcnk sz\u00e1m\u00e1ra a legmegfelel\u0151bb \u00e9s leghat\u00e9konyabb kezel\u00e9si megold\u00e1st tal\u00e1ljuk meg, legyen sz\u00f3 <strong>\u00c1ltal\u00e1nos B\u0151rgy\u00f3gy\u00e1szatr\u00f3l<\/strong> vagy <strong>Eszt\u00e9tikai B\u0151rgy\u00f3gy\u00e1szatr\u00f3l<\/strong>.<\/p>\n<p>Kiemelt tev\u00e9kenys\u00e9geink k\u00f6z\u00e9 tartozik az anyajegyek dermatoszk\u00f3pos sz\u0171r\u00e9se, a nem k\u00edv\u00e1nt anyajegyek elt\u00e1vol\u00edt\u00e1sa.Fontosnak tartjuk, hogy az anyajegysz\u0171r\u00e9st m\u00e1r kisgyermekkorban elkezdj\u00fck, hiszen a rendszeres kontroll seg\u00edthet megel\u0151zni a k\u00e9s\u0151bbi sz\u00f6v\u0151dm\u00e9nyeket.<\/p>\n<p style=\"text-align: center;\"><strong>Az ut\u00f3bbi \u00e9vekben egyre gyakoribb\u00e1 v\u00e1ltak a rosszindulat\u00fa b\u0151relv\u00e1ltoz\u00e1sok, ez\u00e9rt kiemelten fontos a rendszeres b\u0151rgy\u00f3gy\u00e1szati sz\u0171r\u0151vizsg\u00e1lat. A korai felismer\u00e9s \u00e9letment\u0151 lehet, hiszen a kezdeti st\u00e1diumban felfedezett elv\u00e1ltoz\u00e1sok sokkal hat\u00e9konyabban \u00e9s eredm\u00e9nyesebben kezelhet\u0151k. Ne halogassa az anyajegysz\u0171r\u00e9st, \u00e9s m\u00e1r gyermekkorban kezdje el a rendszeres kontrollt!<\/strong><\/p>\n<p>Mag\u00e1nrendel\u00e9s\u00fcnk keret\u00e9ben lehet\u0151s\u00e9g ny\u00edlik a k\u00fcl\u00f6nb\u00f6z\u0151 eredet\u0171 b\u0151rbetegs\u00e9gek diagnosztiz\u00e1l\u00e1s\u00e1ra \u00e9s kezel\u00e9s\u00e9re, tov\u00e1bb\u00e1 anyajegyek, fibr\u00f3m\u00e1k \u00e9s szem\u00f6lcs\u00f6k elt\u00e1vol\u00edt\u00e1s\u00e1ra.<\/p>\n<p>A mai rohan\u00f3 vil\u00e1gban a j\u00f3 megjelen\u00e9s, az \u00e1polt \u00e9s fiatalos k\u00fcls\u0151 k\u00fcl\u00f6n\u00f6sen fontos. <strong>Eszt\u00e9tikai kezel\u00e9seink<\/strong> seg\u00edts\u00e9g\u00e9vel a b\u0151r fiatalosabb\u00e1 \u00e9s rugalmasabb\u00e1 v\u00e1lhat. A megl\u00e9v\u0151 vagy kialakul\u00f3ban l\u00e9v\u0151 r\u00e1ncok cs\u00f6kkent\u00e9s\u00e9re, a b\u0151r \u00e1llapot\u00e1nak jav\u00edt\u00e1s\u00e1ra t\u00f6bbf\u00e9le korszer\u0171 elj\u00e1r\u00e1s k\u00f6z\u00fcl v\u00e1laszthatnak p\u00e1cienseink. Kezel\u00e9seink sor\u00e1n mindig arra t\u00f6reksz\u00fcnk, hogy a b\u0151r term\u00e9szetes sz\u00e9ps\u00e9g\u00e9t \u00e9s feszess\u00e9g\u00e9t hangs\u00falyozzuk, ker\u00fclve a m\u0171vi hat\u00e1st.<\/p>\n<p>Rendel\u0151nkben kiemelt szerepet kapnak a modern, term\u00e9szetes hat\u00e1s\u00fa fiatal\u00edt\u00f3 kezel\u00e9sek, melyeket els\u0151 oszt\u00e1ly\u00fa, pr\u00e9mium min\u0151s\u00e9g\u0171 k\u00e9sz\u00edtm\u00e9nyekkel v\u00e9gz\u00fcnk.<\/p>\n","protected":false},"excerpt":{"rendered":"<p>Bar\u00e1ts\u00e1gos \u00e9s megb\u00edzhat\u00f3 b\u0151rgy\u00f3gy\u00e1szat a XIV. ker\u00fcletben,\u00a0a PASK\u00c1L LAK\u00d3PARKBAN! B\u0151rgy\u00f3gy\u00e1szati mag\u00e1nrendel\u0151nket azzal a c\u00e9llal hoztuk l\u00e9tre, hogy feln\u0151tteknek, gyermekeknek \u00e9s tin\u00e9dzsereknek is magas sz\u00ednvonal\u00fa, hat\u00e9kony \u00e9s ig\u00e9nyes b\u0151rgy\u00f3gy\u00e1szati ell\u00e1t\u00e1st biztos\u00edtsunk Zugl\u00f3ban. C\u00e9lunk, hogy minden p\u00e1ciens\u00fcnk sz\u00e1m\u00e1ra a legmegfelel\u0151bb \u00e9s leghat\u00e9konyabb kezel\u00e9si megold\u00e1st tal\u00e1ljuk meg, legyen sz\u00f3 \u00c1ltal\u00e1nos B\u0151rgy\u00f3gy\u00e1szatr\u00f3l vagy Eszt\u00e9tikai B\u0151rgy\u00f3gy\u00e1szatr\u00f3l. Kiemelt tev\u00e9kenys\u00e9geink k\u00f6z\u00e9 tartozik [&hellip;]<\/p>\n","protected":false},"author":1,"featured_media":0,"parent":0,"menu_order":0,"comment_status":"closed","ping_status":"closed","template":"","meta":{"footnotes":""},"class_list":["post-238","page","type-page","status-publish","czr-hentry"],"aioseo_notices":[],"_links":{"self":[{"href":"https:\/\/tridermis.hu\/index.php\/wp-json\/wp\/v2\/pages\/238","targetHints":{"allow":["GET"]}}],"collection":[{"href":"https:\/\/tridermis.hu\/index.php\/wp-json\/wp\/v2\/pages"}],"about":[{"href":"https:\/\/tridermis.hu\/index.php\/wp-json\/wp\/v2\/types\/page"}],"author":[{"embeddable":true,"href":"https:\/\/tridermis.hu\/index.php\/wp-json\/wp\/v2\/users\/1"}],"replies":[{"embeddable":true,"href":"https:\/\/tridermis.hu\/index.php\/wp-json\/wp\/v2\/comments?post=238"}],"version-history":[{"count":7,"href":"https:\/\/tridermis.hu\/index.php\/wp-json\/wp\/v2\/pages\/238\/revisions"}],"predecessor-version":[{"id":1155,"href":"https:\/\/tridermis.hu\/index.php\/wp-json\/wp\/v2\/pages\/238\/revisions\/1155"}],"wp:attachment":[{"href":"https:\/\/tridermis.hu\/index.php\/wp-json\/wp\/v2\/media?parent=238"}],"curies":[{"name":"wp","href":"https:\/\/api.w.org\/{rel}","templated":true}]}}