{"id":23,"date":"2016-04-25T09:54:39","date_gmt":"2016-04-25T09:54:39","guid":{"rendered":"http:\/\/tridermis.hu\/wordpress\/?page_id=23"},"modified":"2016-04-27T13:11:07","modified_gmt":"2016-04-27T13:11:07","slug":"ekcema-atopias-dermatitis","status":"publish","type":"page","link":"https:\/\/tridermis.hu\/index.php\/ekcema-atopias-dermatitis\/","title":{"rendered":"Ekc\u00e9ma, at\u00f3pi\u00e1s dermatitis"},"content":{"rendered":"<p style=\"text-align: justify;\"><strong>B\u0151rgy\u00f3gy\u00e1szati mag\u00e1nrendel\u00e9s\u00fcnk\u00f6n az at\u00f3pi\u00e1s ekc\u00e9ma kezel\u00e9sre is van lehet\u0151s\u00e9g!<\/strong><\/p>\n<p style=\"text-align: justify;\">Az at\u00f3pi\u00e1s ekc\u00e9ma kezel\u00e9se nagy oda figyel\u00e9st ig\u00e9nyel, ami a sz\u00fcl\u0151, a b\u0151rgy\u00f3gy\u00e1sz szakorvos, \u00e9s a gyermek \u00f6sszehangolt egy\u00fcttm\u0171k\u00f6d\u00e9s\u00e9t jelenti! Az at\u00f3pi\u00e1s ekc\u00e9m\u00e1s gyermekkel rendszeresen kell b\u0151rgy\u00f3gy\u00e1szhoz menni, ez\u00e9rt nagyon fontos az orvosv\u00e1laszt\u00e1s.<\/p>\n<p style=\"text-align: justify;\">Az at\u00f3pia \u00f6r\u00f6kl\u00f6tt k\u00e9szs\u00e9get jelent allergi\u00e1s reakci\u00f3k kialakul\u00e1s\u00e1ra, ide tartozik az at\u00f3pi\u00e1s ekc\u00e9ma, az asztma, az allergi\u00e1s orrfoly\u00e1s, az allergi\u00e1s k\u00f6t\u0151h\u00e1rtya-gyullad\u00e1s. Az at\u00f3pi\u00e1s t\u00fcnetegy\u00fcttes kialakul\u00e1s\u00e1ra a lakoss\u00e1g 2-10 %-\u00e1nak van hajlama, az \u00f6r\u00f6kl\u00f6tt hajlamon k\u00edv\u00fcl azonban a k\u00f6rnyezeti t\u00e9nyez\u0151k is jelent\u0151sen befoly\u00e1solj\u00e1k a t\u00fcnetek megjelen\u00e9s\u00e9t.<\/p>\n<p style=\"text-align: justify;\">Az iparvid\u00e9keken nagyobb az at\u00f3pi\u00e1s ekc\u00e9m\u00e1s betegek sz\u00e1ma, mint a z\u00f6ld\u00f6vezetekben. Az ut\u00f3bbi t\u00edz \u00e9vben, a k\u00e9miai, ipari \u00e1rtalmak n\u00f6veked\u00e9s\u00e9vel megdupl\u00e1zodott az \u00e9rintettek sz\u00e1ma.<\/p>\n<p style=\"text-align: justify;\">Az at\u00f3pi\u00e1s ekc\u00e9m\u00e1t az \u00e9rzelmi stressz, pszich\u00e9s t\u00e9nyez\u0151k is befoly\u00e1solj\u00e1k. Els\u0151sorban a csecsem\u0151k, gyermekek, ritk\u00e1bban a fiatal feln\u0151ttek b\u0151rgy\u00f3gy\u00e1szati betegs\u00e9ge. L\u00e9nyege a kr\u00f3nikusan fenn\u00e1ll\u00f3 b\u0151rgyullad\u00e1s, amely b\u0151rsz\u00e1razs\u00e1ggal, intenz\u00edv viszket\u00e9ssel, \u00e9s gyakori fell\u00e1ngol\u00e1sokkal j\u00e1r. B\u0151rt\u00fcnetei nagyon v\u00e1ltoz\u00f3ak, \u00e9letkort\u00f3l f\u00fcgg\u0151en elt\u00e9r\u0151ek.<\/p>\n<p style=\"text-align: justify;\">A b\u0151rgy\u00f3gy\u00e1sz a csecsem\u0151korban els\u0151sorban az arcon, a hajas fejb\u0151r\u00f6n l\u00e1t v\u00f6r\u00f6s, viszket\u0151, nedvedz\u0151 foltokat, h\u00e1ml\u00e1st, k\u00e9t \u00e9ves kort\u00f3l, a kisgyermekkorban a t\u00fcnetek egyre ink\u00e1bb a t\u00e9rd \u00e9s k\u00f6ny\u00f6khajlatban, nyakon, szemek k\u00f6r\u00fcl jelennek meg, sz\u00e1raz b\u0151r, viszket\u0151 v\u00f6r\u00f6s foltok, plakkok form\u00e1j\u00e1ban. A tin\u00e9dzserkorban, pubert\u00e1skorban a hajlatokban el\u0151fordul\u00f3 kr\u00f3nikus b\u0151rgyullad\u00e1s mellett, jellemz\u0151 a teny\u00e9ri-talpi h\u00e1ml\u00e1s is. A feln\u0151ttkori at\u00f3pi\u00e1s ekc\u00e9ma t\u00fcnetei hasonl\u00f3ak a pubert\u00e1skori form\u00e1hoz.<\/p>\n<p style=\"text-align: justify;\">Az at\u00f3pi\u00e1s gyermekek fog\u00e9konyabbak a k\u00fcl\u00f6nb\u00f6z\u0151 fert\u0151z\u0151 b\u0151rbetegs\u00e9gek ir\u00e1nt, p\u00e9ld\u00e1ul: a b\u0151r herpes fert\u0151z\u00e9se, \u00f3tvar, illetve a v\u00edrusos szem\u00f6lcs\u00f6k.<\/p>\n<p style=\"text-align: justify;\">A kezel\u00e9s f\u00fcgg az \u00e9letkort\u00f3l \u00e9s b\u0151rt\u00fcnet t\u00edpus\u00e1t\u00f3l. A legfontosabb az at\u00f3pi\u00e1s ekc\u00e9m\u00e1s gyermek \u00e9s a sz\u00fcl\u0151 felvil\u00e1gos\u00edt\u00e1sa a betegs\u00e9gr\u0151l, \u00e9s az at\u00f3pi\u00e1s gyermek folyamatos gondoz\u00e1s\u00e1r\u00f3l.<\/p>\n<p style=\"text-align: justify;\">Ki kell alak\u00edtani a f\u00fcrd\u00e9si \u00e9s b\u0151r\u00e1pol\u00e1si szok\u00e1sokat, a megfelel\u0151, kifejezetten at\u00f3pi\u00e1s ekc\u00e9ma \u00e1pol\u00e1s\u00e1ra haszn\u00e1latos f\u00fcrdet\u0151, b\u0151r\u00e1pol\u00f3 term\u00e9keket kell haszn\u00e1lni. Helyileg a b\u0151rt gyullad\u00e1scs\u00f6kkent\u0151 kr\u00e9mekkel, ken\u0151cs\u00f6kkel kezelj\u00fck, ezek lehetnek szteroid \u00e9s immunmodul\u00e1ns hat\u00e1s\u00fa szerek \u00e9s fontos a b\u0151r k\u00e1rosodott lipidr\u00e9teg\u00e9nek, fagy\u00far\u00e9teg\u00e9nek p\u00f3tl\u00e1sa.<\/p>\n<p style=\"text-align: justify;\">Az at\u00f3pi\u00e1s ekc\u00e9ma fenn\u00e1ll\u00e1sakor a viszket\u00e9st bels\u0151leg adhat\u00f3 antihisztaminokkal is cs\u00f6kkentj\u00fck. Figyelj\u00fcnk, hogy a gyermek ruh\u00e1zata ne legyen t\u00fal meleg, m\u0171sz\u00e1las vagy gyapj\u00fa, mos\u00e1s sor\u00e1n \u00f6bl\u00edt\u0151 haszn\u00e1lata nem tan\u00e1csos. A h\u00e1zi kedvencek, kutya, macska ker\u00fclend\u0151ek, mert az \u00e1llati sz\u0151r allergiz\u00e1lhat.<\/p>\n","protected":false},"excerpt":{"rendered":"<p>B\u0151rgy\u00f3gy\u00e1szati mag\u00e1nrendel\u00e9s\u00fcnk\u00f6n az at\u00f3pi\u00e1s ekc\u00e9ma kezel\u00e9sre is van lehet\u0151s\u00e9g! Az at\u00f3pi\u00e1s ekc\u00e9ma kezel\u00e9se nagy oda figyel\u00e9st ig\u00e9nyel, ami a sz\u00fcl\u0151, a b\u0151rgy\u00f3gy\u00e1sz szakorvos, \u00e9s a gyermek \u00f6sszehangolt egy\u00fcttm\u0171k\u00f6d\u00e9s\u00e9t jelenti! Az at\u00f3pi\u00e1s ekc\u00e9m\u00e1s gyermekkel rendszeresen kell b\u0151rgy\u00f3gy\u00e1szhoz menni, ez\u00e9rt nagyon fontos az orvosv\u00e1laszt\u00e1s. Az at\u00f3pia \u00f6r\u00f6kl\u00f6tt k\u00e9szs\u00e9get jelent allergi\u00e1s reakci\u00f3k kialakul\u00e1s\u00e1ra, ide tartozik az at\u00f3pi\u00e1s ekc\u00e9ma, [&hellip;]<\/p>\n","protected":false},"author":1,"featured_media":0,"parent":0,"menu_order":0,"comment_status":"closed","ping_status":"closed","template":"","meta":{"footnotes":""},"class_list":["post-23","page","type-page","status-publish","czr-hentry"],"aioseo_notices":[],"_links":{"self":[{"href":"https:\/\/tridermis.hu\/index.php\/wp-json\/wp\/v2\/pages\/23","targetHints":{"allow":["GET"]}}],"collection":[{"href":"https:\/\/tridermis.hu\/index.php\/wp-json\/wp\/v2\/pages"}],"about":[{"href":"https:\/\/tridermis.hu\/index.php\/wp-json\/wp\/v2\/types\/page"}],"author":[{"embeddable":true,"href":"https:\/\/tridermis.hu\/index.php\/wp-json\/wp\/v2\/users\/1"}],"replies":[{"embeddable":true,"href":"https:\/\/tridermis.hu\/index.php\/wp-json\/wp\/v2\/comments?post=23"}],"version-history":[{"count":2,"href":"https:\/\/tridermis.hu\/index.php\/wp-json\/wp\/v2\/pages\/23\/revisions"}],"predecessor-version":[{"id":139,"href":"https:\/\/tridermis.hu\/index.php\/wp-json\/wp\/v2\/pages\/23\/revisions\/139"}],"wp:attachment":[{"href":"https:\/\/tridermis.hu\/index.php\/wp-json\/wp\/v2\/media?parent=23"}],"curies":[{"name":"wp","href":"https:\/\/api.w.org\/{rel}","templated":true}]}}