{"id":15,"date":"2016-04-25T09:52:51","date_gmt":"2016-04-25T09:52:51","guid":{"rendered":"http:\/\/tridermis.hu\/wordpress\/?page_id=15"},"modified":"2022-01-24T20:12:31","modified_gmt":"2022-01-24T20:12:31","slug":"altalanos-borgyogyaszat","status":"publish","type":"page","link":"https:\/\/tridermis.hu\/index.php\/altalanos-borgyogyaszat\/","title":{"rendered":"\u00c1ltal\u00e1nos b\u0151rgy\u00f3gy\u00e1szat"},"content":{"rendered":"<ul>\n<li><a href=\"http:\/\/www.tridermis.hu\/index.php\/dermatoszkopos-anyajegyszures\/\">Dermatoszk\u00f3pos anyajegysz\u0171r\u00e9s<\/a><\/li>\n<li><a href=\"http:\/\/www.tridermis.hu\/index.php\/borsebeszet-anyajegyeltavolitas\/\">B\u0151rseb\u00e9szet, anyajegyelt\u00e1vol\u00edt\u00e1s<\/a><\/li>\n<li><a href=\"https:\/\/tridermis.hu\/index.php\/szemolcsok-fibromak-joindulatu-borfuggelekek-eltavolitasa\/\">Szem\u00f6lcs\u00f6k, fibr\u00f3m\u00e1k, j\u00f3indulat\u00fa b\u00f6rf\u00fcggel\u00e9kek elt\u00e1vol\u00edt\u00e1sa<\/a><\/li>\n<li><a href=\"https:\/\/tridermis.hu\/index.php\/ekcema-atopias-dermatitis\/\">Ekc\u00e9ma, at\u00f3pi\u00e1s dermatitis<\/a><\/li>\n<li><a href=\"https:\/\/tridermis.hu\/index.php\/szenanatha\/\">Sz\u00e9nan\u00e1tha<\/a><\/li>\n<li><a href=\"https:\/\/tridermis.hu\/index.php\/akne-pattanasos-bor\/\">Akne, pattan\u00e1sos b\u0151r<\/a><\/li>\n<li><a href=\"https:\/\/tridermis.hu\/index.php\/hajhullasok\/\">Hajhull\u00e1sok<\/a><\/li>\n<li><a href=\"https:\/\/tridermis.hu\/index.php\/gombas-fertozesek-koromgomba-kezelese\/\">Gomb\u00e1s fert\u0151z\u00e9sek, k\u00f6r\u00f6mgomba kezel\u00e9se<\/a><\/li>\n<li><a href=\"https:\/\/tridermis.hu\/index.php\/pikkelysomor\/\">Pikkelys\u00f6m\u00f6r<\/a><\/li>\n<li><a href=\"https:\/\/tridermis.hu\/index.php\/keloidos-heg-hipertrofias-heg-hegkorrekcio\/\">Hipertr\u00f3fi\u00e1s heg, keloidos heg, hegkorrekci\u00f3<\/a><\/li>\n<\/ul>\n","protected":false},"excerpt":{"rendered":"<p>Dermatoszk\u00f3pos anyajegysz\u0171r\u00e9s B\u0151rseb\u00e9szet, anyajegyelt\u00e1vol\u00edt\u00e1s Szem\u00f6lcs\u00f6k, fibr\u00f3m\u00e1k, j\u00f3indulat\u00fa b\u00f6rf\u00fcggel\u00e9kek elt\u00e1vol\u00edt\u00e1sa Ekc\u00e9ma, at\u00f3pi\u00e1s dermatitis Sz\u00e9nan\u00e1tha Akne, pattan\u00e1sos b\u0151r Hajhull\u00e1sok Gomb\u00e1s fert\u0151z\u00e9sek, k\u00f6r\u00f6mgomba kezel\u00e9se Pikkelys\u00f6m\u00f6r Hipertr\u00f3fi\u00e1s heg, keloidos heg, hegkorrekci\u00f3<\/p>\n","protected":false},"author":1,"featured_media":257,"parent":0,"menu_order":0,"comment_status":"closed","ping_status":"closed","template":"","meta":{"footnotes":""},"class_list":["post-15","page","type-page","status-publish","has-post-thumbnail","czr-hentry"],"aioseo_notices":[],"_links":{"self":[{"href":"https:\/\/tridermis.hu\/index.php\/wp-json\/wp\/v2\/pages\/15","targetHints":{"allow":["GET"]}}],"collection":[{"href":"https:\/\/tridermis.hu\/index.php\/wp-json\/wp\/v2\/pages"}],"about":[{"href":"https:\/\/tridermis.hu\/index.php\/wp-json\/wp\/v2\/types\/page"}],"author":[{"embeddable":true,"href":"https:\/\/tridermis.hu\/index.php\/wp-json\/wp\/v2\/users\/1"}],"replies":[{"embeddable":true,"href":"https:\/\/tridermis.hu\/index.php\/wp-json\/wp\/v2\/comments?post=15"}],"version-history":[{"count":9,"href":"https:\/\/tridermis.hu\/index.php\/wp-json\/wp\/v2\/pages\/15\/revisions"}],"predecessor-version":[{"id":1071,"href":"https:\/\/tridermis.hu\/index.php\/wp-json\/wp\/v2\/pages\/15\/revisions\/1071"}],"wp:featuredmedia":[{"embeddable":true,"href":"https:\/\/tridermis.hu\/index.php\/wp-json\/wp\/v2\/media\/257"}],"wp:attachment":[{"href":"https:\/\/tridermis.hu\/index.php\/wp-json\/wp\/v2\/media?parent=15"}],"curies":[{"name":"wp","href":"https:\/\/api.w.org\/{rel}","templated":true}]}}